{"id":186,"date":"2014-11-15T15:21:04","date_gmt":"2014-11-15T15:21:04","guid":{"rendered":"http:\/\/www.robert-kerr.com\/?page_id=186"},"modified":"2020-05-03T20:49:01","modified_gmt":"2020-05-03T20:49:01","slug":"terms-of-service","status":"publish","type":"page","link":"https:\/\/www.robert-kerr.com\/fr\/home\/terms-of-service\/","title":{"rendered":"Mentions l\u00e9gales"},"content":{"rendered":"<h2>Contact:<\/h2>\n<p><strong>Robert Kerr SAS<\/strong><br \/>\nSoci\u00e9t\u00e9 par Actions Simplifi\u00e9e au capital de 13.340\u20ac (treize mille trois cent quarante euros)<br \/>\n<strong>Si\u00e8ge Social\u00a0:<\/strong> 91, rue du Faubourg Saint Honor\u00e9 75008 Paris<br \/>\n<strong>RCS PARIS SIRET\u00a0:<\/strong> 801 490 483 00014<br \/>\n<strong>N\u00b0 TVA intra-communautaire\u00a0:<\/strong> FR 56 801 490 483<br \/>\n<strong>T\u00e9l\u00a0:<\/strong> +33 (0)6 08 83 52 39<\/p>\n<p><strong>Directeur de la publication\u00a0:<\/strong> Thomas Drischel<\/p>\n<p>Notre Service Clients est \u00e0 votre disposition pour r\u00e9pondre \u00e0 vos questions. Vous avez la possibilit\u00e9 de le contacter \u00e0 tout moment par courrier \u00e9lectronique, \u00e0 l&rsquo;adresse suivante : <a href=\"mailto:contact@robert-kerr.com\" target=\"_blank\" rel=\"noopener noreferrer\">contact@robert-kerr.com<\/a><\/p>\n<p><strong>Site Internet fait par\u00a0<a href=\"http:\/\/www.vegas-deluxe.com\" target=\"_blank\" rel=\"noopener noreferrer\">Vegas Deluxe<\/a><\/strong><\/p>\n<p><strong>Fournisseur d&rsquo;h\u00e9bergement\u00a0:<\/strong><br \/>\n<a href=\"http:\/\/www.vegas-deluxe.com\" target=\"_blank\" rel=\"noopener noreferrer\">Vegas Deluxe \/ hosting<\/a><br \/>\n25, quai Zorn<br \/>\n67000 Strasbourg<\/p>\n<p>L\u2019acc\u00e8s au Site robert-kerr.com ainsi que l\u2019utilisation de son contenu est soumis aux conditions d\u2019utilisation d\u00e9crites ci-apr\u00e8s. Le fait d\u2019acc\u00e9der et de naviguer sur le Site robert-kerr.com constitue de la part du visiteur une acceptation sans r\u00e9serve des stipulations suivantes :<\/p>\n<ul>\n<li>Les contenus du site sont la propri\u00e9t\u00e9 exclusive de Robert Kerr SAS, seule habilit\u00e9e \u00e0 utiliser les droits de propri\u00e9t\u00e9 intellectuelle et droits de la personnalit\u00e9 y aff\u00e9rents.<\/li>\n<li>L\u2019usage de tout ou partie des contenus du site robert-kerr.com, notamment par t\u00e9l\u00e9chargement, reproduction, transmission ou repr\u00e9sentation \u00e0 d\u2019autres fins que pour usage personnel et priv\u00e9 dans un but non commercial est strictement interdit.<\/li>\n<li>Robert Kerr SAS s\u2019efforce d\u2019assurer au mieux de ses possibilit\u00e9s l\u2019exactitude et la mise \u00e0 jour des informations diffus\u00e9es sur le site robert-kerr.com, dont elle se r\u00e9serve le droit de corriger, \u00e0 tout moment et sans pr\u00e9avis, le contenu.<\/li>\n<\/ul>\n<p>Cependant, Robert Kerr SAS ne peut garantir l\u2019exactitude des informations mises \u00e0 disposition sur le Site. En cons\u00e9quence, Robert Kerr d\u00e9cline toute responsabilit\u00e9 pour toute impr\u00e9cision, ou omission portant sur des informations disponibles sur le site.<\/p>\n<p><a href=\"#\" name=\"cookies\"><\/a><br \/>\n<strong>Cookies<\/strong><br \/>\nBient\u00f4t&#8230;<\/p>\n","protected":false},"excerpt":{"rendered":"<p>Contact: Robert Kerr SAS Soci\u00e9t\u00e9 par Actions Simplifi\u00e9e au capital de 13.340\u20ac (treize mille trois cent quarante euros) Si\u00e8ge Social\u00a0: 91, rue du Faubourg Saint Honor\u00e9 75008 Paris RCS PARIS SIRET\u00a0: 801 490 483 00014 N\u00b0 TVA intra-communautaire\u00a0: FR 56 [&hellip;]<\/p>\n","protected":false},"author":2,"featured_media":0,"parent":7382,"menu_order":0,"comment_status":"open","ping_status":"open","template":"","meta":{"_acf_changed":false,"footnotes":""},"class_list":["post-186","page","type-page","status-publish","hentry"],"acf":[],"yoast_head":"<!-- This site is optimized with the Yoast SEO plugin v25.4 - https:\/\/yoast.com\/wordpress\/plugins\/seo\/ -->\n<title>Robert Kerr | Terms of service<\/title>\n<meta name=\"description\" content=\"Robert Kerr SAS French corporation with a capital of 13.340\u20ac Head office: 91, rue du Faubourg Saint Honor\u00e9 75008 Paris RCS PARIS SIRET : 801 490 483 00014\" \/>\n<meta name=\"robots\" content=\"index, follow, max-snippet:-1, max-image-preview:large, max-video-preview:-1\" \/>\n<link rel=\"canonical\" href=\"https:\/\/www.robert-kerr.com\/fr\/home\/terms-of-service\/\" \/>\n<meta property=\"og:locale\" content=\"fr_FR\" \/>\n<meta property=\"og:type\" content=\"article\" \/>\n<meta property=\"og:title\" content=\"Robert Kerr | Terms of service\" \/>\n<meta property=\"og:description\" content=\"Robert Kerr SAS French corporation with a capital of 13.340\u20ac Head office: 91, rue du Faubourg Saint Honor\u00e9 75008 Paris RCS PARIS SIRET : 801 490 483 00014\" \/>\n<meta property=\"og:url\" content=\"https:\/\/www.robert-kerr.com\/fr\/home\/terms-of-service\/\" \/>\n<meta property=\"og:site_name\" content=\"Maison Robert Kerr\" \/>\n<meta property=\"article:modified_time\" content=\"2020-05-03T20:49:01+00:00\" \/>\n<meta name=\"twitter:card\" content=\"summary_large_image\" \/>\n<meta name=\"twitter:label1\" content=\"Dur\u00e9e de lecture estim\u00e9e\" \/>\n\t<meta name=\"twitter:data1\" content=\"1 minute\" \/>\n<script type=\"application\/ld+json\" class=\"yoast-schema-graph\">{\"@context\":\"https:\/\/schema.org\",\"@graph\":[{\"@type\":\"WebPage\",\"@id\":\"https:\/\/www.robert-kerr.com\/fr\/home\/terms-of-service\/\",\"url\":\"https:\/\/www.robert-kerr.com\/fr\/home\/terms-of-service\/\",\"name\":\"Robert Kerr | Terms of service\",\"isPartOf\":{\"@id\":\"https:\/\/www.robert-kerr.com\/fr\/#website\"},\"datePublished\":\"2014-11-15T15:21:04+00:00\",\"dateModified\":\"2020-05-03T20:49:01+00:00\",\"description\":\"Robert Kerr SAS French corporation with a capital of 13.340\u20ac Head office: 91, rue du Faubourg Saint Honor\u00e9 75008 Paris RCS PARIS SIRET : 801 490 483 00014\",\"breadcrumb\":{\"@id\":\"https:\/\/www.robert-kerr.com\/fr\/home\/terms-of-service\/#breadcrumb\"},\"inLanguage\":\"fr-FR\",\"potentialAction\":[{\"@type\":\"ReadAction\",\"target\":[\"https:\/\/www.robert-kerr.com\/fr\/home\/terms-of-service\/\"]}]},{\"@type\":\"BreadcrumbList\",\"@id\":\"https:\/\/www.robert-kerr.com\/fr\/home\/terms-of-service\/#breadcrumb\",\"itemListElement\":[{\"@type\":\"ListItem\",\"position\":1,\"name\":\"Accueil\",\"item\":\"https:\/\/www.robert-kerr.com\/fr\/\"},{\"@type\":\"ListItem\",\"position\":2,\"name\":\"Home\",\"item\":\"https:\/\/www.robert-kerr.com\/fr\/\"},{\"@type\":\"ListItem\",\"position\":3,\"name\":\"Mentions l\u00e9gales\"}]},{\"@type\":\"WebSite\",\"@id\":\"https:\/\/www.robert-kerr.com\/fr\/#website\",\"url\":\"https:\/\/www.robert-kerr.com\/fr\/\",\"name\":\"Maison Robert Kerr\",\"description\":\"Talored clothing for men &amp; women since 1948\",\"potentialAction\":[{\"@type\":\"SearchAction\",\"target\":{\"@type\":\"EntryPoint\",\"urlTemplate\":\"https:\/\/www.robert-kerr.com\/fr\/?s={search_term_string}\"},\"query-input\":{\"@type\":\"PropertyValueSpecification\",\"valueRequired\":true,\"valueName\":\"search_term_string\"}}],\"inLanguage\":\"fr-FR\"}]}<\/script>\n<!-- \/ Yoast SEO plugin. -->","yoast_head_json":{"title":"Robert Kerr | Terms of service","description":"Robert Kerr SAS French corporation with a capital of 13.340\u20ac Head office: 91, rue du Faubourg Saint Honor\u00e9 75008 Paris RCS PARIS SIRET : 801 490 483 00014","robots":{"index":"index","follow":"follow","max-snippet":"max-snippet:-1","max-image-preview":"max-image-preview:large","max-video-preview":"max-video-preview:-1"},"canonical":"https:\/\/www.robert-kerr.com\/fr\/home\/terms-of-service\/","og_locale":"fr_FR","og_type":"article","og_title":"Robert Kerr | Terms of service","og_description":"Robert Kerr SAS French corporation with a capital of 13.340\u20ac Head office: 91, rue du Faubourg Saint Honor\u00e9 75008 Paris RCS PARIS SIRET : 801 490 483 00014","og_url":"https:\/\/www.robert-kerr.com\/fr\/home\/terms-of-service\/","og_site_name":"Maison Robert Kerr","article_modified_time":"2020-05-03T20:49:01+00:00","twitter_card":"summary_large_image","twitter_misc":{"Dur\u00e9e de lecture estim\u00e9e":"1 minute"},"schema":{"@context":"https:\/\/schema.org","@graph":[{"@type":"WebPage","@id":"https:\/\/www.robert-kerr.com\/fr\/home\/terms-of-service\/","url":"https:\/\/www.robert-kerr.com\/fr\/home\/terms-of-service\/","name":"Robert Kerr | Terms of service","isPartOf":{"@id":"https:\/\/www.robert-kerr.com\/fr\/#website"},"datePublished":"2014-11-15T15:21:04+00:00","dateModified":"2020-05-03T20:49:01+00:00","description":"Robert Kerr SAS French corporation with a capital of 13.340\u20ac Head office: 91, rue du Faubourg Saint Honor\u00e9 75008 Paris RCS PARIS SIRET : 801 490 483 00014","breadcrumb":{"@id":"https:\/\/www.robert-kerr.com\/fr\/home\/terms-of-service\/#breadcrumb"},"inLanguage":"fr-FR","potentialAction":[{"@type":"ReadAction","target":["https:\/\/www.robert-kerr.com\/fr\/home\/terms-of-service\/"]}]},{"@type":"BreadcrumbList","@id":"https:\/\/www.robert-kerr.com\/fr\/home\/terms-of-service\/#breadcrumb","itemListElement":[{"@type":"ListItem","position":1,"name":"Accueil","item":"https:\/\/www.robert-kerr.com\/fr\/"},{"@type":"ListItem","position":2,"name":"Home","item":"https:\/\/www.robert-kerr.com\/fr\/"},{"@type":"ListItem","position":3,"name":"Mentions l\u00e9gales"}]},{"@type":"WebSite","@id":"https:\/\/www.robert-kerr.com\/fr\/#website","url":"https:\/\/www.robert-kerr.com\/fr\/","name":"Maison Robert Kerr","description":"Talored clothing for men &amp; women since 1948","potentialAction":[{"@type":"SearchAction","target":{"@type":"EntryPoint","urlTemplate":"https:\/\/www.robert-kerr.com\/fr\/?s={search_term_string}"},"query-input":{"@type":"PropertyValueSpecification","valueRequired":true,"valueName":"search_term_string"}}],"inLanguage":"fr-FR"}]}},"_links":{"self":[{"href":"https:\/\/www.robert-kerr.com\/fr\/wp-json\/wp\/v2\/pages\/186","targetHints":{"allow":["GET"]}}],"collection":[{"href":"https:\/\/www.robert-kerr.com\/fr\/wp-json\/wp\/v2\/pages"}],"about":[{"href":"https:\/\/www.robert-kerr.com\/fr\/wp-json\/wp\/v2\/types\/page"}],"author":[{"embeddable":true,"href":"https:\/\/www.robert-kerr.com\/fr\/wp-json\/wp\/v2\/users\/2"}],"replies":[{"embeddable":true,"href":"https:\/\/www.robert-kerr.com\/fr\/wp-json\/wp\/v2\/comments?post=186"}],"version-history":[{"count":1,"href":"https:\/\/www.robert-kerr.com\/fr\/wp-json\/wp\/v2\/pages\/186\/revisions"}],"predecessor-version":[{"id":8493,"href":"https:\/\/www.robert-kerr.com\/fr\/wp-json\/wp\/v2\/pages\/186\/revisions\/8493"}],"up":[{"embeddable":true,"href":"https:\/\/www.robert-kerr.com\/fr\/wp-json\/wp\/v2\/pages\/7382"}],"wp:attachment":[{"href":"https:\/\/www.robert-kerr.com\/fr\/wp-json\/wp\/v2\/media?parent=186"}],"curies":[{"name":"wp","href":"https:\/\/api.w.org\/{rel}","templated":true}]}}