{"id":188,"date":"2014-11-15T15:21:25","date_gmt":"2014-11-15T15:21:25","guid":{"rendered":"http:\/\/www.robert-kerr.com\/?page_id=188"},"modified":"2020-05-09T10:27:40","modified_gmt":"2020-05-09T10:27:40","slug":"payment-shipping","status":"publish","type":"page","link":"https:\/\/www.robert-kerr.com\/fr\/home\/payment-shipping\/","title":{"rendered":"Robert Kerr CGV"},"content":{"rendered":"<p style=\"text-align: left;\">Conditions g\u00e9n\u00e9rales de vente :<br \/>\nwww.robert-kerr.com<\/p>\n<p>\u00ab Client(s) \u00bb d\u00e9signe le ou les internaute(s) naviguant sur le site et effectuant un achat en ligne de produit(s) \u00e0 des fins personnelles.<br \/>\n\u00ab Conditions G\u00e9n\u00e9rales de Vente \u00bb d\u00e9signe les pr\u00e9sentes conditions g\u00e9n\u00e9rales de vente de produits sur le site www.robert-kerr.com<br \/>\n\u00ab Robert Kerr SAS\u00bb d\u00e9signe Robert Kerr dont le si\u00e8ge social est situ\u00e9 au 91, rue du Faubourg Saint Honor\u00e9 \u00e0 Paris &#8211; France,<br \/>\n\u00ab Produit(s) \u00bb d\u00e9signe le(s) produit(s) propos\u00e9(s) \u00e0 la vente sur le site www.robert-kerr.com<br \/>\n\u00ab Site \u00bb d\u00e9signe le site internet www.robert-kerr.com<\/p>\n<h2>PLAN\u00a0:<\/h2>\n<p>Article 1\u00a0: Objet<br \/>\nArticle 2\u00a0: Pr\u00e9sentation des produits<br \/>\nArticle 3\u00a0: Dur\u00e9e de validit\u00e9 des offres de vente<br \/>\nArticle 4\u00a0: Prix des produits<br \/>\nArticle 5\u00a0: Commande<br \/>\nArticle 6\u00a0: Modalit\u00e9s de paiement<br \/>\nArticle 7\u00a0: Livraison<br \/>\nArticle 8\u00a0: Droit de R\u00e9tractation \/ Remboursement<br \/>\nArticle 9\u00a0: Informations Nominatives<br \/>\nArticle 10\u00a0: Litiges<br \/>\nArticle 11\u00a0: Force Majeure<br \/>\nArticle 12\u00a0: Relations clients<\/p>\n<h3>Article 1 Objet<\/h3>\n<p>Les conditions g\u00e9n\u00e9rales de ventes d\u00e9crites ci-apr\u00e8s d\u00e9taillent les droits et obligations de Robert Kerr et de ses clients dans le cadre de la vente des produits sur le site internet www.robert-kerr.com.<\/p>\n<p>Toute prestation accomplie par la soci\u00e9t\u00e9 Robert Kerr SAS implique l&rsquo;adh\u00e9sion sans r\u00e9serve du client aux pr\u00e9sentes conditions g\u00e9n\u00e9rales de vente.<\/p>\n<h3>Article 2 Pr\u00e9sentation des produits<\/h3>\n<p>Les caract\u00e9ristiques des produits propos\u00e9s \u00e0 la vente sont pr\u00e9sent\u00e9es dans la rubrique \u00ab collections \u00bb et \u00ab fiches produits \u00bb du site. Les photographies n&rsquo;entrent pas dans le champ contractuel. La responsabilit\u00e9 de la soci\u00e9t\u00e9 Robert Kerr ne peut \u00eatre engag\u00e9e si des erreurs s&rsquo;y sont introduites. Tous les textes et images pr\u00e9sent\u00e9s sur le site de la soci\u00e9t\u00e9 Robert Kerr sont r\u00e9serv\u00e9s, pour le monde entier, au titre des droits d&rsquo;auteur et de propri\u00e9t\u00e9 intellectuelle; leur reproduction, m\u00eame partielle, est strictement interdite.<\/p>\n<h3>Article 3 Dur\u00e9e de validit\u00e9 des offres de vente<\/h3>\n<p>Les produits sont propos\u00e9s \u00e0 la vente jusqu&rsquo;\u00e0 \u00e9puisement du stock. En cas de commande d&rsquo;un produit devenu indisponible, le(s) client(s) sera inform\u00e9 de cette indisponibilit\u00e9, dans les meilleurs d\u00e9lais, par courrier \u00e9lectronique.<\/p>\n<h3>Article 4 Prix des produits<\/h3>\n<p>La rubrique \u00ab\u00a0collections\u00a0\u00bb et \u00ab\u00a0fiches produits\u00a0\u00bb du site ww.robert-kerr.com indique les prix en euros nets conform\u00e9ment \u00e0 l&rsquo;article 293 B du CGI relatif \u00e0 la TVA non applicable et hors frais de port.\u00a0 Les frais de port apparaissent sur l&rsquo;\u00e9cran \u00e0 la fin de la s\u00e9lection des diff\u00e9rents produits par le client. A noter que les \u00e9ventuels\u00a0 frais de douanes sont \u00e0 la charge du client.<\/p>\n<p>La soci\u00e9t\u00e9 Robert Kerr SAS se r\u00e9serve le droit de modifier ses prix \u00e0 tout moment, mais les produits command\u00e9s sont factur\u00e9s au prix en vigueur lors de l&rsquo;enregistrement et de la validation \u00a0de la commande.<\/p>\n<h3>Article 5 Commande<\/h3>\n<p>Le client peut prendre connaissance des diff\u00e9rents produits propos\u00e9s \u00e0\u00a0la vente sur le site www.robert-kerr.com. Le client peut naviguer librement sur les diff\u00e9rentes pages du site, sans pour autant \u00eatre engag\u00e9 au titre d&rsquo;une commande.<br \/>\nLe client confirme sa commande lorsqu&rsquo;il active le lien \u00a0\u00bb Paiement \u00a0\u00bb apr\u00e8s avoir accept\u00e9 les pr\u00e9sentes conditions de vente.<br \/>\nLa soci\u00e9t\u00e9 Robert Kerr SAS confirme la commande par courrier \u00e9lectronique, cette information reprend notamment tous les \u00e9l\u00e9ments de la commande et le droit de r\u00e9tractation du client.<br \/>\nLes donn\u00e9es enregistr\u00e9es par la soci\u00e9t\u00e9 Robert Kerr SAS constituent la preuve de la nature, du contenu et de la date de la commande. Celle-ci est archiv\u00e9e par la soci\u00e9t\u00e9 Robert Kerr SAS dans les conditions et les d\u00e9lais l\u00e9gaux. Le client peut acc\u00e9der \u00e0 cet archivage en contactant le service relations clients par courrier \u00e9lectronique \u00e0 l\u2019adresse suivante\u00a0: contact@robert-kerr.com<\/p>\n<h3>Article 6 Modalit\u00e9s de paiement<\/h3>\n<p>Sauf indisponibilit\u00e9 du serveur ou panne informatique, le client pourra r\u00e9gler sa commande apr\u00e8s validation d\u00e9finitive de celle-ci sur le site, par Carte Bancaire (Carte Bleue, Visa, Mastercard exclusivement). Le Client entrera son num\u00e9ro de carte, la date d&rsquo;expiration de celle-ci, le nom du porteur de la carte et le cryptogramme visuel (les trois derniers num\u00e9ros inscrits au dos de sa carte bancaire).\u2028Les paiements par ch\u00e8ques ne sont pas accept\u00e9s.\u2028 Le Client garantit qu&rsquo;il dispose des autorisations \u00e9ventuellement n\u00e9cessaires pour utiliser le mode de paiement choisi au moment de la validation de la commande. En cas de refus de la banque, la commande sera automatiquement annul\u00e9e et le client pr\u00e9venu par l&rsquo;envoi d&rsquo;un courrier \u00e9lectronique.\u2028 L\u2019archivage des donn\u00e9es relatives aux commandes est effectu\u00e9 sur un support fiable et durable pouvant \u00eatre produit \u00e0 titre de preuve.<\/p>\n<h3>Article 7 Livraison<\/h3>\n<p><em>*Frais de livraison offerts pour toutes commandes en France M\u00e9tropolitaine (Hors DOM-TOM) et Pays membres de l&rsquo;Union Europ\u00e9enne (hors \u00celes Canaries) sans minimum de prix et\/ou de quantit\u00e9s. Frais de livraison offerts pour l&rsquo;international (Hors France et Union Europ\u00e9enne) pour toutes commandes sup\u00e9rieures ou \u00e9gales \u00e0 400\u20ac. Pour toutes autres commandes hors France M\u00e9tropolitaine et Union Europ\u00e9enne inf\u00e9rieures \u00e0 400\u20ac, les frais de livraison sont au tarif unique de 25\u20ac.<\/em><\/p>\n<p>Les articles sont livr\u00e9s par la soci\u00e9t\u00e9 de transport FEDEX ou tout autre transporteur ind\u00e9pendant choisi par \u201cRobert Kerr\u201d dans un d\u00e9lai moyen de 3 \u00e0 5 jours ouvr\u00e9s en France m\u00e9tropolitaine (Corse incluse) et dans un d\u00e9lai moyen de 3 \u00e0 15 jours ouvr\u00e9s hors France m\u00e9tropolitaine, selon le pays de destination, et d\u00e8s r\u00e9ception de la confirmation du paiement. Ces d\u00e9lais sont donn\u00e9s \u00e0 titre indicatif. Le d\u00e9passement de ces d\u00e9lais par lesdits prestataires ne pourra en aucun cas \u00eatre retenu contre \u201cRobert Kerr\u201d, ni donner lieu \u00e0 une quelconque indemnit\u00e9 ou remboursement au profit du client.<\/p>\n<p>Le Client doit contr\u00f4ler le bon \u00e9tat des produits lors de la livraison. Toute anomalie concernant la livraison (colis endommag\u00e9s, articles manquants par rapport \u00e0 la facture du site, retard de livraison etc.) devra faire l&rsquo;objet de r\u00e9serves port\u00e9es sur le r\u00e9c\u00e9piss\u00e9 de livraison pr\u00e9sent\u00e9 par le transporteur. Le Client devra \u00e9galement le signaler par e-mail \u00e0 contact@robert-kerr.com\u00a0afin de proc\u00e9der \u00e0 une enqu\u00eate aupr\u00e8s du transporteur.<\/p>\n<p>En cas de d\u00e9faut de conformit\u00e9 d&rsquo;un article livr\u00e9, le client peut le retourner \u00e0 \u201cRobert Kerr\u201d \u00e0 l&rsquo;adresse suivante : Thomas Drischel Robert Kerr SAS 17, rue Jouvenet 75016 Paris dans son \u00e9tat d&rsquo;origine, sans aucun signe de port, accompagn\u00e9 de l&#8217;emballage d&rsquo;origine et de la facture. A d\u00e9faut, \u201cRobert Kerr\u201d ne proc\u00e8dera pas \u00e0 l&rsquo;\u00e9change ou au remboursement de l&rsquo;article d\u00e9fectueux retourn\u00e9.\u2028Dans l&rsquo;hypoth\u00e8se o\u00f9 la restitution de l&rsquo;article d\u00e9fectueux est bien fond\u00e9e, \u201cRobert Kerr\u201d proc\u00e9dera, au choix du client, ou \u00e0 d\u00e9faut de demande du client, au choix de \u201cRobert Kerr\u201d, au remboursement de l&rsquo;article d\u00e9fectueux ou \u00e0 son \u00e9change dans la mesure o\u00f9 cet article est disponible en stock, \u00e0 l&rsquo;exclusion de toute indemnisation.<\/p>\n<h3>Article 8 Droit de R\u00e9tractation \/ Remboursement<\/h3>\n<p>Conform\u00e9ment aux dispositions de l&rsquo;article L.121-21-2 du Code de la Consommation, le client dispose d&rsquo;un d\u00e9lai maximum de quatorze (14) jours francs pour exercer son droit de r\u00e9tractation, en envoyant par e-mail \u00e0 contact@robert-kerr.com avec la raison de la demande de r\u00e9tractation. Ce d\u00e9lai court \u00e0 compter du jour de livraison de la commande. Le client dispose ensuite de maximum quatorze (14) jours pour retourner, \u00e0 ses frais, le(s) Produit(s) qu&rsquo;il a command\u00e9(s) si celui(ceux)-ci ne lui donne(nt) pas satisfaction, et pour annuler sa commande.<\/p>\n<p>Le(s) Produit(s) devra (devront) \u00eatre retourn\u00e9(s) dans son (leur) conditionnement et son (leur) emballage d&rsquo;origine. Les frais de retour sont \u00e0 la charge du Client. Tout risque li\u00e9 au retour du (des) produit(s) est la charge du Client.<\/p>\n<p>Si les conditions susmentionn\u00e9es sont remplies, le site remboursera au client l&rsquo;ensemble des sommes engag\u00e9es par lui \u00e0 l&rsquo;occasion de la commande des Produits rendus \u00e0 l&rsquo;exception des frais de retour. Pour des raisons\u00a0op\u00e9rationnelles, le remboursement sera\u00a0effectu\u00e9\u00a0dans un d\u00e9lai de quatorze (14) jours suivant la date de r\u00e9ception des biens\u00a0retourn\u00e9s.<\/p>\n<h3>Article 9\u00a0: Informations Nominatives<\/h3>\n<p>Le renseignement des informations nominatives collect\u00e9es dans le cadre de la vente \u00e0 distance est obligatoire, ces informations \u00e9tant n\u00e9cessaires pour le traitement et la livraison des commandes ainsi que pour l&rsquo;\u00e9tablissement des factures. Ces informations sont strictement confidentielles. Le d\u00e9faut de renseignement implique le rejet automatique de la commande. Conform\u00e9ment \u00e0 la loi n\u00b078-17 du 6 janvier 1978 relative \u00e0 l&rsquo;informatique, aux fichiers et aux libert\u00e9s, le traitement des informations nominatives collect\u00e9es sur le Site a fait l&rsquo;objet d&rsquo;une d\u00e9claration aupr\u00e8s de la Commission Nationale de l&rsquo;Informatique et des Libert\u00e9s, enregistr\u00e9e sous le num\u00e9ro de d\u00e9claration (en cours). Le Client dispose d&rsquo;un droit d&rsquo;acc\u00e8s, de modification, de rectification et de suppression des donn\u00e9es le concernant. Pour exercer ce droit, le Client devra adresser un e-mail \u00e0 contact@robert-kerr.com<\/p>\n<h3>Article 10\u00a0: Litiges<\/h3>\n<p>Les pr\u00e9sentes Conditions G\u00e9n\u00e9rales de Ventes et les relations contractuelles entre les Parties sont r\u00e9gies par le droit fran\u00e7ais. Toute contestation n\u00e9e de l\u2019application ou de l\u2019interpr\u00e9tation des Conditions G\u00e9n\u00e9rales de Vente est de la comp\u00e9tence exclusive des tribunaux du ressort de Paris.<\/p>\n<h3>Article 11\u00a0: Force Majeure<\/h3>\n<p>Robert Kerr ne pourra \u00eatre tenu pour responsable de la non ex\u00e9cution totale ou partielle de ses obligations, si cette non-ex\u00e9cution est due au cas fortuit ou \u00e0 la survenance d&rsquo;un \u00e9l\u00e9ment constitutif de force majeure tel que notamment, et sans que cette liste soit limitative, inondation, incendie, temp\u00eate, manque de mati\u00e8res premi\u00e8res, gr\u00e8ve des transports, gr\u00e8ve partielle ou totale, ou lock-out. Ces \u00e9v\u00e9nements constituent une cause de suspension et\/ou d\u2019extinction des obligations de Robert Kerr envers le Client, sans indemnit\u00e9 au profit du Client.<\/p>\n<h3>Article 12 Relations clients<\/h3>\n<p>Pour toute information, question ou r\u00e9clamation, le client peut s&rsquo;adresser par courrier \u00e9lectronique au service Relations Clients de la soci\u00e9t\u00e9 \u00e0 l\u2019adresse suivante : contact@robert-kerr.com<\/p>\n","protected":false},"excerpt":{"rendered":"<p>Conditions g\u00e9n\u00e9rales de vente : www.robert-kerr.com \u00ab Client(s) \u00bb d\u00e9signe le ou les internaute(s) naviguant sur le site et effectuant un achat en ligne de produit(s) \u00e0 des fins personnelles. \u00ab Conditions G\u00e9n\u00e9rales de Vente \u00bb d\u00e9signe les pr\u00e9sentes conditions [&hellip;]<\/p>\n","protected":false},"author":2,"featured_media":0,"parent":7382,"menu_order":0,"comment_status":"open","ping_status":"open","template":"","meta":{"_acf_changed":false,"footnotes":""},"class_list":["post-188","page","type-page","status-publish","hentry"],"acf":[],"yoast_head":"<!-- This site is optimized with the Yoast SEO plugin v25.4 - https:\/\/yoast.com\/wordpress\/plugins\/seo\/ -->\n<title>Robert Kerr | Payment &amp; Shipping<\/title>\n<meta name=\"description\" content=\"Free shipping for all orders in Metropolitan France and countries members of the E.U. International Free shipping for all orders equal or above 400\u20ac.\" \/>\n<meta name=\"robots\" content=\"index, follow, max-snippet:-1, max-image-preview:large, max-video-preview:-1\" \/>\n<link rel=\"canonical\" href=\"https:\/\/www.robert-kerr.com\/fr\/home\/payment-shipping\/\" \/>\n<meta property=\"og:locale\" content=\"fr_FR\" \/>\n<meta property=\"og:type\" content=\"article\" \/>\n<meta property=\"og:title\" content=\"Robert Kerr | Payment &amp; Shipping\" \/>\n<meta property=\"og:description\" content=\"Free shipping for all orders in Metropolitan France and countries members of the E.U. International Free shipping for all orders equal or above 400\u20ac.\" \/>\n<meta property=\"og:url\" content=\"https:\/\/www.robert-kerr.com\/fr\/home\/payment-shipping\/\" \/>\n<meta property=\"og:site_name\" content=\"Maison Robert Kerr\" \/>\n<meta property=\"article:modified_time\" content=\"2020-05-09T10:27:40+00:00\" \/>\n<meta name=\"twitter:card\" content=\"summary_large_image\" \/>\n<meta name=\"twitter:label1\" content=\"Dur\u00e9e de lecture estim\u00e9e\" \/>\n\t<meta name=\"twitter:data1\" content=\"8 minutes\" \/>\n<script type=\"application\/ld+json\" class=\"yoast-schema-graph\">{\"@context\":\"https:\/\/schema.org\",\"@graph\":[{\"@type\":\"WebPage\",\"@id\":\"https:\/\/www.robert-kerr.com\/fr\/home\/payment-shipping\/\",\"url\":\"https:\/\/www.robert-kerr.com\/fr\/home\/payment-shipping\/\",\"name\":\"Robert Kerr | Payment & Shipping\",\"isPartOf\":{\"@id\":\"https:\/\/www.robert-kerr.com\/fr\/#website\"},\"datePublished\":\"2014-11-15T15:21:25+00:00\",\"dateModified\":\"2020-05-09T10:27:40+00:00\",\"description\":\"Free shipping for all orders in Metropolitan France and countries members of the E.U. International Free shipping for all orders equal or above 400\u20ac.\",\"breadcrumb\":{\"@id\":\"https:\/\/www.robert-kerr.com\/fr\/home\/payment-shipping\/#breadcrumb\"},\"inLanguage\":\"fr-FR\",\"potentialAction\":[{\"@type\":\"ReadAction\",\"target\":[\"https:\/\/www.robert-kerr.com\/fr\/home\/payment-shipping\/\"]}]},{\"@type\":\"BreadcrumbList\",\"@id\":\"https:\/\/www.robert-kerr.com\/fr\/home\/payment-shipping\/#breadcrumb\",\"itemListElement\":[{\"@type\":\"ListItem\",\"position\":1,\"name\":\"Accueil\",\"item\":\"https:\/\/www.robert-kerr.com\/fr\/\"},{\"@type\":\"ListItem\",\"position\":2,\"name\":\"Home\",\"item\":\"https:\/\/www.robert-kerr.com\/fr\/\"},{\"@type\":\"ListItem\",\"position\":3,\"name\":\"Robert Kerr CGV\"}]},{\"@type\":\"WebSite\",\"@id\":\"https:\/\/www.robert-kerr.com\/fr\/#website\",\"url\":\"https:\/\/www.robert-kerr.com\/fr\/\",\"name\":\"Maison Robert Kerr\",\"description\":\"Talored clothing for men &amp; women since 1948\",\"potentialAction\":[{\"@type\":\"SearchAction\",\"target\":{\"@type\":\"EntryPoint\",\"urlTemplate\":\"https:\/\/www.robert-kerr.com\/fr\/?s={search_term_string}\"},\"query-input\":{\"@type\":\"PropertyValueSpecification\",\"valueRequired\":true,\"valueName\":\"search_term_string\"}}],\"inLanguage\":\"fr-FR\"}]}<\/script>\n<!-- \/ Yoast SEO plugin. -->","yoast_head_json":{"title":"Robert Kerr | Payment & Shipping","description":"Free shipping for all orders in Metropolitan France and countries members of the E.U. International Free shipping for all orders equal or above 400\u20ac.","robots":{"index":"index","follow":"follow","max-snippet":"max-snippet:-1","max-image-preview":"max-image-preview:large","max-video-preview":"max-video-preview:-1"},"canonical":"https:\/\/www.robert-kerr.com\/fr\/home\/payment-shipping\/","og_locale":"fr_FR","og_type":"article","og_title":"Robert Kerr | Payment & Shipping","og_description":"Free shipping for all orders in Metropolitan France and countries members of the E.U. International Free shipping for all orders equal or above 400\u20ac.","og_url":"https:\/\/www.robert-kerr.com\/fr\/home\/payment-shipping\/","og_site_name":"Maison Robert Kerr","article_modified_time":"2020-05-09T10:27:40+00:00","twitter_card":"summary_large_image","twitter_misc":{"Dur\u00e9e de lecture estim\u00e9e":"8 minutes"},"schema":{"@context":"https:\/\/schema.org","@graph":[{"@type":"WebPage","@id":"https:\/\/www.robert-kerr.com\/fr\/home\/payment-shipping\/","url":"https:\/\/www.robert-kerr.com\/fr\/home\/payment-shipping\/","name":"Robert Kerr | Payment & Shipping","isPartOf":{"@id":"https:\/\/www.robert-kerr.com\/fr\/#website"},"datePublished":"2014-11-15T15:21:25+00:00","dateModified":"2020-05-09T10:27:40+00:00","description":"Free shipping for all orders in Metropolitan France and countries members of the E.U. International Free shipping for all orders equal or above 400\u20ac.","breadcrumb":{"@id":"https:\/\/www.robert-kerr.com\/fr\/home\/payment-shipping\/#breadcrumb"},"inLanguage":"fr-FR","potentialAction":[{"@type":"ReadAction","target":["https:\/\/www.robert-kerr.com\/fr\/home\/payment-shipping\/"]}]},{"@type":"BreadcrumbList","@id":"https:\/\/www.robert-kerr.com\/fr\/home\/payment-shipping\/#breadcrumb","itemListElement":[{"@type":"ListItem","position":1,"name":"Accueil","item":"https:\/\/www.robert-kerr.com\/fr\/"},{"@type":"ListItem","position":2,"name":"Home","item":"https:\/\/www.robert-kerr.com\/fr\/"},{"@type":"ListItem","position":3,"name":"Robert Kerr CGV"}]},{"@type":"WebSite","@id":"https:\/\/www.robert-kerr.com\/fr\/#website","url":"https:\/\/www.robert-kerr.com\/fr\/","name":"Maison Robert Kerr","description":"Talored clothing for men &amp; women since 1948","potentialAction":[{"@type":"SearchAction","target":{"@type":"EntryPoint","urlTemplate":"https:\/\/www.robert-kerr.com\/fr\/?s={search_term_string}"},"query-input":{"@type":"PropertyValueSpecification","valueRequired":true,"valueName":"search_term_string"}}],"inLanguage":"fr-FR"}]}},"_links":{"self":[{"href":"https:\/\/www.robert-kerr.com\/fr\/wp-json\/wp\/v2\/pages\/188","targetHints":{"allow":["GET"]}}],"collection":[{"href":"https:\/\/www.robert-kerr.com\/fr\/wp-json\/wp\/v2\/pages"}],"about":[{"href":"https:\/\/www.robert-kerr.com\/fr\/wp-json\/wp\/v2\/types\/page"}],"author":[{"embeddable":true,"href":"https:\/\/www.robert-kerr.com\/fr\/wp-json\/wp\/v2\/users\/2"}],"replies":[{"embeddable":true,"href":"https:\/\/www.robert-kerr.com\/fr\/wp-json\/wp\/v2\/comments?post=188"}],"version-history":[{"count":3,"href":"https:\/\/www.robert-kerr.com\/fr\/wp-json\/wp\/v2\/pages\/188\/revisions"}],"predecessor-version":[{"id":29507,"href":"https:\/\/www.robert-kerr.com\/fr\/wp-json\/wp\/v2\/pages\/188\/revisions\/29507"}],"up":[{"embeddable":true,"href":"https:\/\/www.robert-kerr.com\/fr\/wp-json\/wp\/v2\/pages\/7382"}],"wp:attachment":[{"href":"https:\/\/www.robert-kerr.com\/fr\/wp-json\/wp\/v2\/media?parent=188"}],"curies":[{"name":"wp","href":"https:\/\/api.w.org\/{rel}","templated":true}]}}