{"id":34179,"date":"2021-01-05T21:12:02","date_gmt":"2021-01-05T21:12:02","guid":{"rendered":"http:\/\/www.robert-kerr.com\/?page_id=34179\/"},"modified":"2021-04-30T16:36:49","modified_gmt":"2021-04-30T16:36:49","slug":"prendre-rendez-vous","status":"publish","type":"page","link":"https:\/\/www.robert-kerr.com\/fr\/prendre-rendez-vous\/","title":{"rendered":"Prendre rendez-vous"},"content":{"rendered":"\n<div class=\"wpcf7 no-js\" id=\"wpcf7-f36698-o1\" lang=\"\" dir=\"ltr\" data-wpcf7-id=\"36698\">\n<div class=\"screen-reader-response\"><p role=\"status\" aria-live=\"polite\" aria-atomic=\"true\"><\/p> <ul><\/ul><\/div>\n<form action=\"\/fr\/wp-json\/wp\/v2\/pages\/34179#wpcf7-f36698-o1\" method=\"post\" class=\"wpcf7-form init\" aria-label=\"Formulaire de contact\" novalidate=\"novalidate\" data-status=\"init\">\n<fieldset class=\"hidden-fields-container\"><input type=\"hidden\" name=\"_wpcf7\" value=\"36698\" \/><input type=\"hidden\" name=\"_wpcf7_version\" value=\"6.1\" \/><input type=\"hidden\" name=\"_wpcf7_locale\" value=\"\" \/><input type=\"hidden\" name=\"_wpcf7_unit_tag\" value=\"wpcf7-f36698-o1\" \/><input type=\"hidden\" name=\"_wpcf7_container_post\" value=\"0\" \/><input type=\"hidden\" name=\"_wpcf7_posted_data_hash\" value=\"\" \/><input type=\"hidden\" name=\"_wpcf7cf_hidden_group_fields\" value=\"[]\" \/><input type=\"hidden\" name=\"_wpcf7cf_hidden_groups\" value=\"[]\" \/><input type=\"hidden\" name=\"_wpcf7cf_visible_groups\" value=\"[]\" \/><input type=\"hidden\" name=\"_wpcf7cf_repeaters\" value=\"[]\" \/><input type=\"hidden\" name=\"_wpcf7cf_steps\" value=\"{}\" \/><input type=\"hidden\" name=\"_wpcf7cf_options\" value=\"{&quot;form_id&quot;:36698,&quot;conditions&quot;:[],&quot;settings&quot;:{&quot;animation&quot;:&quot;yes&quot;,&quot;animation_intime&quot;:200,&quot;animation_outtime&quot;:200,&quot;conditions_ui&quot;:&quot;normal&quot;,&quot;notice_dismissed&quot;:false}}\" \/><input type=\"hidden\" name=\"_wpcf7_recaptcha_response\" value=\"\" \/>\n<\/fieldset>\n<p><label> Votre nom (obligatoire)<br \/>\n<span class=\"wpcf7-form-control-wrap\" data-name=\"your-name\"><input size=\"40\" maxlength=\"400\" class=\"wpcf7-form-control wpcf7-text wpcf7-validates-as-required\" aria-required=\"true\" aria-invalid=\"false\" value=\"\" type=\"text\" name=\"your-name\" \/><\/span> <\/label>\n<\/p>\n<p><label> Votre email (obligatoire)<br \/>\n<span class=\"wpcf7-form-control-wrap\" data-name=\"your-email\"><input size=\"40\" maxlength=\"400\" class=\"wpcf7-form-control wpcf7-email wpcf7-validates-as-required wpcf7-text wpcf7-validates-as-email\" aria-required=\"true\" aria-invalid=\"false\" value=\"\" type=\"email\" name=\"your-email\" \/><\/span> <\/label>\n<\/p>\n<p><label> Votre message<br \/>\n<span class=\"wpcf7-form-control-wrap\" data-name=\"your-message\"><textarea cols=\"40\" rows=\"10\" maxlength=\"2000\" class=\"wpcf7-form-control wpcf7-textarea\" aria-invalid=\"false\" name=\"your-message\"><\/textarea><\/span> <\/label>\n<\/p>\n<p><input class=\"wpcf7-form-control wpcf7-submit has-spinner button\" type=\"submit\" value=\"Envoyer\" \/>\n<\/p><div class=\"wpcf7-response-output\" aria-hidden=\"true\"><\/div>\n<\/form>\n<\/div>\n\n","protected":false},"excerpt":{"rendered":"","protected":false},"author":1,"featured_media":0,"parent":0,"menu_order":0,"comment_status":"closed","ping_status":"closed","template":"page-appointment.php","meta":{"_acf_changed":false,"footnotes":""},"class_list":["post-34179","page","type-page","status-publish","hentry"],"acf":[],"yoast_head":"<!-- This site is optimized with the Yoast SEO plugin v25.4 - https:\/\/yoast.com\/wordpress\/plugins\/seo\/ -->\n<title>Prendre rendez-vous - Maison Robert Kerr Paris<\/title>\n<meta name=\"description\" content=\"L\u2019exp\u00e9rience Robert Kerr est un voyage o\u00f9 trois rendez-vous sont n\u00e9cessaires pour donner vie \u00e0 votre projet. Prenez contact d\u00e8s maintenant.\" \/>\n<meta name=\"robots\" content=\"index, follow, max-snippet:-1, max-image-preview:large, max-video-preview:-1\" \/>\n<link rel=\"canonical\" href=\"https:\/\/www.robert-kerr.com\/fr\/prendre-rendez-vous\/\" \/>\n<meta property=\"og:locale\" content=\"fr_FR\" \/>\n<meta property=\"og:type\" content=\"article\" \/>\n<meta property=\"og:title\" content=\"Prendre rendez-vous - Maison Robert Kerr Paris\" \/>\n<meta property=\"og:description\" content=\"L\u2019exp\u00e9rience Robert Kerr est un voyage o\u00f9 trois rendez-vous sont n\u00e9cessaires pour donner vie \u00e0 votre projet. Prenez contact d\u00e8s maintenant.\" \/>\n<meta property=\"og:url\" content=\"https:\/\/www.robert-kerr.com\/fr\/prendre-rendez-vous\/\" \/>\n<meta property=\"og:site_name\" content=\"Maison Robert Kerr\" \/>\n<meta property=\"article:modified_time\" content=\"2021-04-30T16:36:49+00:00\" \/>\n<meta name=\"twitter:card\" content=\"summary_large_image\" \/>\n<script type=\"application\/ld+json\" class=\"yoast-schema-graph\">{\"@context\":\"https:\/\/schema.org\",\"@graph\":[{\"@type\":\"WebPage\",\"@id\":\"https:\/\/www.robert-kerr.com\/fr\/prendre-rendez-vous\/\",\"url\":\"https:\/\/www.robert-kerr.com\/fr\/prendre-rendez-vous\/\",\"name\":\"Prendre rendez-vous - Maison Robert Kerr Paris\",\"isPartOf\":{\"@id\":\"https:\/\/www.robert-kerr.com\/fr\/#website\"},\"datePublished\":\"2021-01-05T21:12:02+00:00\",\"dateModified\":\"2021-04-30T16:36:49+00:00\",\"description\":\"L\u2019exp\u00e9rience Robert Kerr est un voyage o\u00f9 trois rendez-vous sont n\u00e9cessaires pour donner vie \u00e0 votre projet. Prenez contact d\u00e8s maintenant.\",\"breadcrumb\":{\"@id\":\"https:\/\/www.robert-kerr.com\/fr\/prendre-rendez-vous\/#breadcrumb\"},\"inLanguage\":\"fr-FR\",\"potentialAction\":[{\"@type\":\"ReadAction\",\"target\":[\"https:\/\/www.robert-kerr.com\/fr\/prendre-rendez-vous\/\"]}]},{\"@type\":\"BreadcrumbList\",\"@id\":\"https:\/\/www.robert-kerr.com\/fr\/prendre-rendez-vous\/#breadcrumb\",\"itemListElement\":[{\"@type\":\"ListItem\",\"position\":1,\"name\":\"Accueil\",\"item\":\"https:\/\/www.robert-kerr.com\/fr\/\"},{\"@type\":\"ListItem\",\"position\":2,\"name\":\"Prendre rendez-vous\"}]},{\"@type\":\"WebSite\",\"@id\":\"https:\/\/www.robert-kerr.com\/fr\/#website\",\"url\":\"https:\/\/www.robert-kerr.com\/fr\/\",\"name\":\"Maison Robert Kerr\",\"description\":\"Talored clothing for men &amp; women since 1948\",\"potentialAction\":[{\"@type\":\"SearchAction\",\"target\":{\"@type\":\"EntryPoint\",\"urlTemplate\":\"https:\/\/www.robert-kerr.com\/fr\/?s={search_term_string}\"},\"query-input\":{\"@type\":\"PropertyValueSpecification\",\"valueRequired\":true,\"valueName\":\"search_term_string\"}}],\"inLanguage\":\"fr-FR\"}]}<\/script>\n<!-- \/ Yoast SEO plugin. -->","yoast_head_json":{"title":"Prendre rendez-vous - Maison Robert Kerr Paris","description":"L\u2019exp\u00e9rience Robert Kerr est un voyage o\u00f9 trois rendez-vous sont n\u00e9cessaires pour donner vie \u00e0 votre projet. Prenez contact d\u00e8s maintenant.","robots":{"index":"index","follow":"follow","max-snippet":"max-snippet:-1","max-image-preview":"max-image-preview:large","max-video-preview":"max-video-preview:-1"},"canonical":"https:\/\/www.robert-kerr.com\/fr\/prendre-rendez-vous\/","og_locale":"fr_FR","og_type":"article","og_title":"Prendre rendez-vous - Maison Robert Kerr Paris","og_description":"L\u2019exp\u00e9rience Robert Kerr est un voyage o\u00f9 trois rendez-vous sont n\u00e9cessaires pour donner vie \u00e0 votre projet. Prenez contact d\u00e8s maintenant.","og_url":"https:\/\/www.robert-kerr.com\/fr\/prendre-rendez-vous\/","og_site_name":"Maison Robert Kerr","article_modified_time":"2021-04-30T16:36:49+00:00","twitter_card":"summary_large_image","schema":{"@context":"https:\/\/schema.org","@graph":[{"@type":"WebPage","@id":"https:\/\/www.robert-kerr.com\/fr\/prendre-rendez-vous\/","url":"https:\/\/www.robert-kerr.com\/fr\/prendre-rendez-vous\/","name":"Prendre rendez-vous - Maison Robert Kerr Paris","isPartOf":{"@id":"https:\/\/www.robert-kerr.com\/fr\/#website"},"datePublished":"2021-01-05T21:12:02+00:00","dateModified":"2021-04-30T16:36:49+00:00","description":"L\u2019exp\u00e9rience Robert Kerr est un voyage o\u00f9 trois rendez-vous sont n\u00e9cessaires pour donner vie \u00e0 votre projet. Prenez contact d\u00e8s maintenant.","breadcrumb":{"@id":"https:\/\/www.robert-kerr.com\/fr\/prendre-rendez-vous\/#breadcrumb"},"inLanguage":"fr-FR","potentialAction":[{"@type":"ReadAction","target":["https:\/\/www.robert-kerr.com\/fr\/prendre-rendez-vous\/"]}]},{"@type":"BreadcrumbList","@id":"https:\/\/www.robert-kerr.com\/fr\/prendre-rendez-vous\/#breadcrumb","itemListElement":[{"@type":"ListItem","position":1,"name":"Accueil","item":"https:\/\/www.robert-kerr.com\/fr\/"},{"@type":"ListItem","position":2,"name":"Prendre rendez-vous"}]},{"@type":"WebSite","@id":"https:\/\/www.robert-kerr.com\/fr\/#website","url":"https:\/\/www.robert-kerr.com\/fr\/","name":"Maison Robert Kerr","description":"Talored clothing for men &amp; women since 1948","potentialAction":[{"@type":"SearchAction","target":{"@type":"EntryPoint","urlTemplate":"https:\/\/www.robert-kerr.com\/fr\/?s={search_term_string}"},"query-input":{"@type":"PropertyValueSpecification","valueRequired":true,"valueName":"search_term_string"}}],"inLanguage":"fr-FR"}]}},"_links":{"self":[{"href":"https:\/\/www.robert-kerr.com\/fr\/wp-json\/wp\/v2\/pages\/34179","targetHints":{"allow":["GET"]}}],"collection":[{"href":"https:\/\/www.robert-kerr.com\/fr\/wp-json\/wp\/v2\/pages"}],"about":[{"href":"https:\/\/www.robert-kerr.com\/fr\/wp-json\/wp\/v2\/types\/page"}],"author":[{"embeddable":true,"href":"https:\/\/www.robert-kerr.com\/fr\/wp-json\/wp\/v2\/users\/1"}],"replies":[{"embeddable":true,"href":"https:\/\/www.robert-kerr.com\/fr\/wp-json\/wp\/v2\/comments?post=34179"}],"version-history":[{"count":9,"href":"https:\/\/www.robert-kerr.com\/fr\/wp-json\/wp\/v2\/pages\/34179\/revisions"}],"predecessor-version":[{"id":39631,"href":"https:\/\/www.robert-kerr.com\/fr\/wp-json\/wp\/v2\/pages\/34179\/revisions\/39631"}],"wp:attachment":[{"href":"https:\/\/www.robert-kerr.com\/fr\/wp-json\/wp\/v2\/media?parent=34179"}],"curies":[{"name":"wp","href":"https:\/\/api.w.org\/{rel}","templated":true}]}}