{"id":7564,"date":"2017-04-15T14:35:12","date_gmt":"2017-04-15T14:35:12","guid":{"rendered":"http:\/\/www.robert-kerr.com\/_new2017\/?post_type=product&#038;p=7564"},"modified":"2020-05-17T20:44:20","modified_gmt":"2020-05-17T20:44:20","slug":"noeud-papillon-bleu-nuit-en-twill-de-soie-motifs-imprimes","status":"publish","type":"product","link":"https:\/\/www.robert-kerr.com\/fr\/produit\/noeud-papillon-bleu-nuit-en-twill-de-soie-motifs-imprimes\/","title":{"rendered":"N\u0153ud papillon bleu nuit en <br class=\"brreplace\">twill de soie motifs imprim\u00e9s"},"content":{"rendered":"<p>Hauteur 6cm<br \/>\nTissu imprim\u00e9 en Angleterre<br \/>\nFinition bouts pointus<br \/>\nLongueur ajustable<br \/>\nA nouer<\/p>\n","protected":false},"excerpt":{"rendered":"<p>100% twill de soie<br \/>\nConfectionn\u00e9 \u00e0 la main \u00e0 Paris<\/p>\n","protected":false},"featured_media":8389,"comment_status":"closed","ping_status":"closed","template":"","meta":{"_acf_changed":false},"product_brand":[],"product_cat":[18],"product_tag":[],"class_list":{"0":"post-7564","1":"product","2":"type-product","3":"status-publish","4":"has-post-thumbnail","6":"product_cat-noeuds-papillon-fr","7":"pif-has-gallery","9":"first","10":"onbackorder","11":"taxable","12":"shipping-taxable","13":"purchasable","14":"product-type-simple"},"acf":[],"yoast_head":"<!-- This site is optimized with the Yoast SEO plugin v25.4 - https:\/\/yoast.com\/wordpress\/plugins\/seo\/ -->\n<title>N\u0153ud papillon bleu nuit en twill de soie motifs imprim\u00e9s confectionn\u00e9 \u00e0 Paris<\/title>\n<meta name=\"description\" content=\"N\u0153ud papillon bleu nuit en twill de soie motifs imprim\u00e9s. 6cm de hauteur. Tissu imprim\u00e9 en Angleterre, finition bouts pointus Confectionn\u00e9 \u00e0 la main \u00e0 Paris\" \/>\n<meta name=\"robots\" content=\"index, follow, max-snippet:-1, max-image-preview:large, max-video-preview:-1\" \/>\n<link rel=\"canonical\" href=\"https:\/\/www.robert-kerr.com\/fr\/produit\/noeud-papillon-bleu-nuit-en-twill-de-soie-motifs-imprimes\/\" \/>\n<meta property=\"og:locale\" content=\"fr_FR\" \/>\n<meta property=\"og:type\" content=\"article\" \/>\n<meta property=\"og:title\" content=\"N\u0153ud papillon bleu nuit en twill de soie motifs imprim\u00e9s confectionn\u00e9 \u00e0 Paris\" \/>\n<meta property=\"og:description\" content=\"N\u0153ud papillon bleu nuit en twill de soie motifs imprim\u00e9s. 6cm de hauteur. Tissu imprim\u00e9 en Angleterre, finition bouts pointus Confectionn\u00e9 \u00e0 la main \u00e0 Paris\" \/>\n<meta property=\"og:url\" content=\"https:\/\/www.robert-kerr.com\/fr\/produit\/noeud-papillon-bleu-nuit-en-twill-de-soie-motifs-imprimes\/\" \/>\n<meta property=\"og:site_name\" content=\"Maison Robert Kerr\" \/>\n<meta property=\"article:modified_time\" content=\"2020-05-17T20:44:20+00:00\" \/>\n<meta property=\"og:image\" content=\"https:\/\/www.robert-kerr.com\/wp-content\/uploads\/2017\/04\/noue-noeud-papillon-bleu-nuit-motifs-bleu-ciel.jpg\" \/>\n\t<meta property=\"og:image:width\" content=\"1200\" \/>\n\t<meta property=\"og:image:height\" content=\"1200\" \/>\n\t<meta property=\"og:image:type\" content=\"image\/jpeg\" \/>\n<meta name=\"twitter:card\" content=\"summary_large_image\" \/>\n<script type=\"application\/ld+json\" class=\"yoast-schema-graph\">{\"@context\":\"https:\/\/schema.org\",\"@graph\":[{\"@type\":\"WebPage\",\"@id\":\"https:\/\/www.robert-kerr.com\/fr\/produit\/noeud-papillon-bleu-nuit-en-twill-de-soie-motifs-imprimes\/\",\"url\":\"https:\/\/www.robert-kerr.com\/fr\/produit\/noeud-papillon-bleu-nuit-en-twill-de-soie-motifs-imprimes\/\",\"name\":\"N\u0153ud papillon bleu nuit en twill de soie motifs imprim\u00e9s confectionn\u00e9 \u00e0 Paris\",\"isPartOf\":{\"@id\":\"https:\/\/www.robert-kerr.com\/fr\/#website\"},\"primaryImageOfPage\":{\"@id\":\"https:\/\/www.robert-kerr.com\/fr\/produit\/noeud-papillon-bleu-nuit-en-twill-de-soie-motifs-imprimes\/#primaryimage\"},\"image\":{\"@id\":\"https:\/\/www.robert-kerr.com\/fr\/produit\/noeud-papillon-bleu-nuit-en-twill-de-soie-motifs-imprimes\/#primaryimage\"},\"thumbnailUrl\":\"https:\/\/www.robert-kerr.com\/wp-content\/uploads\/2017\/04\/noue-noeud-papillon-bleu-nuit-motifs-bleu-ciel.jpg\",\"datePublished\":\"2017-04-15T14:35:12+00:00\",\"dateModified\":\"2020-05-17T20:44:20+00:00\",\"description\":\"N\u0153ud papillon bleu nuit en twill de soie motifs imprim\u00e9s. 6cm de hauteur. Tissu imprim\u00e9 en Angleterre, finition bouts pointus Confectionn\u00e9 \u00e0 la main \u00e0 Paris\",\"breadcrumb\":{\"@id\":\"https:\/\/www.robert-kerr.com\/fr\/produit\/noeud-papillon-bleu-nuit-en-twill-de-soie-motifs-imprimes\/#breadcrumb\"},\"inLanguage\":\"fr-FR\",\"potentialAction\":[{\"@type\":\"ReadAction\",\"target\":[\"https:\/\/www.robert-kerr.com\/fr\/produit\/noeud-papillon-bleu-nuit-en-twill-de-soie-motifs-imprimes\/\"]}]},{\"@type\":\"ImageObject\",\"inLanguage\":\"fr-FR\",\"@id\":\"https:\/\/www.robert-kerr.com\/fr\/produit\/noeud-papillon-bleu-nuit-en-twill-de-soie-motifs-imprimes\/#primaryimage\",\"url\":\"https:\/\/www.robert-kerr.com\/wp-content\/uploads\/2017\/04\/noue-noeud-papillon-bleu-nuit-motifs-bleu-ciel.jpg\",\"contentUrl\":\"https:\/\/www.robert-kerr.com\/wp-content\/uploads\/2017\/04\/noue-noeud-papillon-bleu-nuit-motifs-bleu-ciel.jpg\",\"width\":1200,\"height\":1200},{\"@type\":\"BreadcrumbList\",\"@id\":\"https:\/\/www.robert-kerr.com\/fr\/produit\/noeud-papillon-bleu-nuit-en-twill-de-soie-motifs-imprimes\/#breadcrumb\",\"itemListElement\":[{\"@type\":\"ListItem\",\"position\":1,\"name\":\"Accueil\",\"item\":\"https:\/\/www.robert-kerr.com\/fr\/\"},{\"@type\":\"ListItem\",\"position\":2,\"name\":\"Boutique\",\"item\":\"https:\/\/www.robert-kerr.com\/fr\/boutique\/\"},{\"@type\":\"ListItem\",\"position\":3,\"name\":\"N\u0153ud papillon bleu nuit en twill de soie motifs imprim\u00e9s\"}]},{\"@type\":\"WebSite\",\"@id\":\"https:\/\/www.robert-kerr.com\/fr\/#website\",\"url\":\"https:\/\/www.robert-kerr.com\/fr\/\",\"name\":\"Maison Robert Kerr\",\"description\":\"Talored clothing for men &amp; women since 1948\",\"potentialAction\":[{\"@type\":\"SearchAction\",\"target\":{\"@type\":\"EntryPoint\",\"urlTemplate\":\"https:\/\/www.robert-kerr.com\/fr\/?s={search_term_string}\"},\"query-input\":{\"@type\":\"PropertyValueSpecification\",\"valueRequired\":true,\"valueName\":\"search_term_string\"}}],\"inLanguage\":\"fr-FR\"}]}<\/script>\n<!-- \/ Yoast SEO plugin. -->","yoast_head_json":{"title":"N\u0153ud papillon bleu nuit en twill de soie motifs imprim\u00e9s confectionn\u00e9 \u00e0 Paris","description":"N\u0153ud papillon bleu nuit en twill de soie motifs imprim\u00e9s. 6cm de hauteur. Tissu imprim\u00e9 en Angleterre, finition bouts pointus Confectionn\u00e9 \u00e0 la main \u00e0 Paris","robots":{"index":"index","follow":"follow","max-snippet":"max-snippet:-1","max-image-preview":"max-image-preview:large","max-video-preview":"max-video-preview:-1"},"canonical":"https:\/\/www.robert-kerr.com\/fr\/produit\/noeud-papillon-bleu-nuit-en-twill-de-soie-motifs-imprimes\/","og_locale":"fr_FR","og_type":"article","og_title":"N\u0153ud papillon bleu nuit en twill de soie motifs imprim\u00e9s confectionn\u00e9 \u00e0 Paris","og_description":"N\u0153ud papillon bleu nuit en twill de soie motifs imprim\u00e9s. 6cm de hauteur. Tissu imprim\u00e9 en Angleterre, finition bouts pointus Confectionn\u00e9 \u00e0 la main \u00e0 Paris","og_url":"https:\/\/www.robert-kerr.com\/fr\/produit\/noeud-papillon-bleu-nuit-en-twill-de-soie-motifs-imprimes\/","og_site_name":"Maison Robert Kerr","article_modified_time":"2020-05-17T20:44:20+00:00","og_image":[{"width":1200,"height":1200,"url":"https:\/\/www.robert-kerr.com\/wp-content\/uploads\/2017\/04\/noue-noeud-papillon-bleu-nuit-motifs-bleu-ciel.jpg","type":"image\/jpeg"}],"twitter_card":"summary_large_image","schema":{"@context":"https:\/\/schema.org","@graph":[{"@type":"WebPage","@id":"https:\/\/www.robert-kerr.com\/fr\/produit\/noeud-papillon-bleu-nuit-en-twill-de-soie-motifs-imprimes\/","url":"https:\/\/www.robert-kerr.com\/fr\/produit\/noeud-papillon-bleu-nuit-en-twill-de-soie-motifs-imprimes\/","name":"N\u0153ud papillon bleu nuit en twill de soie motifs imprim\u00e9s confectionn\u00e9 \u00e0 Paris","isPartOf":{"@id":"https:\/\/www.robert-kerr.com\/fr\/#website"},"primaryImageOfPage":{"@id":"https:\/\/www.robert-kerr.com\/fr\/produit\/noeud-papillon-bleu-nuit-en-twill-de-soie-motifs-imprimes\/#primaryimage"},"image":{"@id":"https:\/\/www.robert-kerr.com\/fr\/produit\/noeud-papillon-bleu-nuit-en-twill-de-soie-motifs-imprimes\/#primaryimage"},"thumbnailUrl":"https:\/\/www.robert-kerr.com\/wp-content\/uploads\/2017\/04\/noue-noeud-papillon-bleu-nuit-motifs-bleu-ciel.jpg","datePublished":"2017-04-15T14:35:12+00:00","dateModified":"2020-05-17T20:44:20+00:00","description":"N\u0153ud papillon bleu nuit en twill de soie motifs imprim\u00e9s. 6cm de hauteur. Tissu imprim\u00e9 en Angleterre, finition bouts pointus Confectionn\u00e9 \u00e0 la main \u00e0 Paris","breadcrumb":{"@id":"https:\/\/www.robert-kerr.com\/fr\/produit\/noeud-papillon-bleu-nuit-en-twill-de-soie-motifs-imprimes\/#breadcrumb"},"inLanguage":"fr-FR","potentialAction":[{"@type":"ReadAction","target":["https:\/\/www.robert-kerr.com\/fr\/produit\/noeud-papillon-bleu-nuit-en-twill-de-soie-motifs-imprimes\/"]}]},{"@type":"ImageObject","inLanguage":"fr-FR","@id":"https:\/\/www.robert-kerr.com\/fr\/produit\/noeud-papillon-bleu-nuit-en-twill-de-soie-motifs-imprimes\/#primaryimage","url":"https:\/\/www.robert-kerr.com\/wp-content\/uploads\/2017\/04\/noue-noeud-papillon-bleu-nuit-motifs-bleu-ciel.jpg","contentUrl":"https:\/\/www.robert-kerr.com\/wp-content\/uploads\/2017\/04\/noue-noeud-papillon-bleu-nuit-motifs-bleu-ciel.jpg","width":1200,"height":1200},{"@type":"BreadcrumbList","@id":"https:\/\/www.robert-kerr.com\/fr\/produit\/noeud-papillon-bleu-nuit-en-twill-de-soie-motifs-imprimes\/#breadcrumb","itemListElement":[{"@type":"ListItem","position":1,"name":"Accueil","item":"https:\/\/www.robert-kerr.com\/fr\/"},{"@type":"ListItem","position":2,"name":"Boutique","item":"https:\/\/www.robert-kerr.com\/fr\/boutique\/"},{"@type":"ListItem","position":3,"name":"N\u0153ud papillon bleu nuit en twill de soie motifs imprim\u00e9s"}]},{"@type":"WebSite","@id":"https:\/\/www.robert-kerr.com\/fr\/#website","url":"https:\/\/www.robert-kerr.com\/fr\/","name":"Maison Robert Kerr","description":"Talored clothing for men &amp; women since 1948","potentialAction":[{"@type":"SearchAction","target":{"@type":"EntryPoint","urlTemplate":"https:\/\/www.robert-kerr.com\/fr\/?s={search_term_string}"},"query-input":{"@type":"PropertyValueSpecification","valueRequired":true,"valueName":"search_term_string"}}],"inLanguage":"fr-FR"}]}},"_links":{"self":[{"href":"https:\/\/www.robert-kerr.com\/fr\/wp-json\/wp\/v2\/product\/7564","targetHints":{"allow":["GET"]}}],"collection":[{"href":"https:\/\/www.robert-kerr.com\/fr\/wp-json\/wp\/v2\/product"}],"about":[{"href":"https:\/\/www.robert-kerr.com\/fr\/wp-json\/wp\/v2\/types\/product"}],"replies":[{"embeddable":true,"href":"https:\/\/www.robert-kerr.com\/fr\/wp-json\/wp\/v2\/comments?post=7564"}],"wp:featuredmedia":[{"embeddable":true,"href":"https:\/\/www.robert-kerr.com\/fr\/wp-json\/wp\/v2\/media\/8389"}],"wp:attachment":[{"href":"https:\/\/www.robert-kerr.com\/fr\/wp-json\/wp\/v2\/media?parent=7564"}],"wp:term":[{"taxonomy":"product_brand","embeddable":true,"href":"https:\/\/www.robert-kerr.com\/fr\/wp-json\/wp\/v2\/product_brand?post=7564"},{"taxonomy":"product_cat","embeddable":true,"href":"https:\/\/www.robert-kerr.com\/fr\/wp-json\/wp\/v2\/product_cat?post=7564"},{"taxonomy":"product_tag","embeddable":true,"href":"https:\/\/www.robert-kerr.com\/fr\/wp-json\/wp\/v2\/product_tag?post=7564"}],"curies":[{"name":"wp","href":"https:\/\/api.w.org\/{rel}","templated":true}]}}