{"id":7865,"date":"2017-04-17T17:34:50","date_gmt":"2017-04-17T17:34:50","guid":{"rendered":"http:\/\/www.robert-kerr.com\/_new2017\/?post_type=product&#038;p=7865\/"},"modified":"2020-05-17T20:36:02","modified_gmt":"2020-05-17T20:36:02","slug":"grande-etole-en-soie-bleu-nuit-motifs-art-deco-bleu-et-bordeaux","status":"publish","type":"product","link":"https:\/\/www.robert-kerr.com\/fr\/produit\/grande-etole-en-soie-bleu-nuit-motifs-art-deco-bleu-et-bordeaux\/","title":{"rendered":"Grande \u00e9tole en soie bleu nuit <br class=\"brreplace\">motifs art d\u00e9co"},"content":{"rendered":"<p>100% twill de soie ultra fine<br \/>\nTiss\u00e9e et imprim\u00e9e \u00e0 Lyon<br \/>\nEnti\u00e8rement roulott\u00e9e \u00e0 la main \u00e0 Paris<br \/>\nRoulottage \u00ab\u00a0\u00e0 la fran\u00e7aise\u00a0\u00bb<br \/>\nMotifs art d\u00e9co<br \/>\nCr\u00e9ation exclusive Robert Kerr \u00a9<\/p>\n","protected":false},"excerpt":{"rendered":"<p>200x140cm<br \/>\n100% soie<br \/>\nConfectionn\u00e9e \u00e0 la main en France<\/p>\n","protected":false},"featured_media":8983,"comment_status":"closed","ping_status":"closed","template":"","meta":{"_acf_changed":false},"product_brand":[],"product_cat":[9],"product_tag":[],"class_list":{"0":"post-7865","1":"product","2":"type-product","3":"status-publish","4":"has-post-thumbnail","6":"product_cat-echarpes","7":"pif-has-gallery","9":"first","10":"instock","11":"taxable","12":"shipping-taxable","13":"purchasable","14":"product-type-simple"},"acf":[],"yoast_head":"<!-- This site is optimized with the Yoast SEO plugin v25.4 - https:\/\/yoast.com\/wordpress\/plugins\/seo\/ -->\n<title>Grande \u00e9tole en soie bleu nuit motifs art d\u00e9co bleu et bordeaux<\/title>\n<meta name=\"description\" content=\"Grande \u00e9tole de soie ultra fine avec imprim\u00e9s art d\u00e9co. 200x140cm, roulott\u00e9e \u00e0 la main \u00e0 Paris. Tiss\u00e9e et imprim\u00e9 \u00e0 Lyon. Cr\u00e9ation exclusive Robert Kerr \u00a9.\" \/>\n<meta name=\"robots\" content=\"index, follow, max-snippet:-1, max-image-preview:large, max-video-preview:-1\" \/>\n<link rel=\"canonical\" href=\"https:\/\/www.robert-kerr.com\/fr\/produit\/grande-etole-en-soie-bleu-nuit-motifs-art-deco-bleu-et-bordeaux\/\" \/>\n<meta property=\"og:locale\" content=\"fr_FR\" \/>\n<meta property=\"og:type\" content=\"article\" \/>\n<meta property=\"og:title\" content=\"Grande \u00e9tole en soie bleu nuit motifs art d\u00e9co bleu et bordeaux\" \/>\n<meta property=\"og:description\" content=\"Grande \u00e9tole de soie ultra fine avec imprim\u00e9s art d\u00e9co. 200x140cm, roulott\u00e9e \u00e0 la main \u00e0 Paris. Tiss\u00e9e et imprim\u00e9 \u00e0 Lyon. Cr\u00e9ation exclusive Robert Kerr \u00a9.\" \/>\n<meta property=\"og:url\" content=\"https:\/\/www.robert-kerr.com\/fr\/produit\/grande-etole-en-soie-bleu-nuit-motifs-art-deco-bleu-et-bordeaux\/\" \/>\n<meta property=\"og:site_name\" content=\"Maison Robert Kerr\" \/>\n<meta property=\"article:modified_time\" content=\"2020-05-17T20:36:02+00:00\" \/>\n<meta property=\"og:image\" content=\"https:\/\/www.robert-kerr.com\/wp-content\/uploads\/2017\/08\/etole-motif-art-deco-bleu-nuit-bleu-ciel-bordeaux-detail-nouee.jpg\" \/>\n\t<meta property=\"og:image:width\" content=\"600\" \/>\n\t<meta property=\"og:image:height\" content=\"600\" \/>\n\t<meta property=\"og:image:type\" content=\"image\/jpeg\" \/>\n<meta name=\"twitter:card\" content=\"summary_large_image\" \/>\n<script type=\"application\/ld+json\" class=\"yoast-schema-graph\">{\"@context\":\"https:\/\/schema.org\",\"@graph\":[{\"@type\":\"WebPage\",\"@id\":\"https:\/\/www.robert-kerr.com\/fr\/produit\/grande-etole-en-soie-bleu-nuit-motifs-art-deco-bleu-et-bordeaux\/\",\"url\":\"https:\/\/www.robert-kerr.com\/fr\/produit\/grande-etole-en-soie-bleu-nuit-motifs-art-deco-bleu-et-bordeaux\/\",\"name\":\"Grande \u00e9tole en soie bleu nuit motifs art d\u00e9co bleu et bordeaux\",\"isPartOf\":{\"@id\":\"https:\/\/www.robert-kerr.com\/fr\/#website\"},\"primaryImageOfPage\":{\"@id\":\"https:\/\/www.robert-kerr.com\/fr\/produit\/grande-etole-en-soie-bleu-nuit-motifs-art-deco-bleu-et-bordeaux\/#primaryimage\"},\"image\":{\"@id\":\"https:\/\/www.robert-kerr.com\/fr\/produit\/grande-etole-en-soie-bleu-nuit-motifs-art-deco-bleu-et-bordeaux\/#primaryimage\"},\"thumbnailUrl\":\"https:\/\/www.robert-kerr.com\/wp-content\/uploads\/2017\/08\/etole-motif-art-deco-bleu-nuit-bleu-ciel-bordeaux-detail-nouee.jpg\",\"datePublished\":\"2017-04-17T17:34:50+00:00\",\"dateModified\":\"2020-05-17T20:36:02+00:00\",\"description\":\"Grande \u00e9tole de soie ultra fine avec imprim\u00e9s art d\u00e9co. 200x140cm, roulott\u00e9e \u00e0 la main \u00e0 Paris. Tiss\u00e9e et imprim\u00e9 \u00e0 Lyon. Cr\u00e9ation exclusive Robert Kerr \u00a9.\",\"breadcrumb\":{\"@id\":\"https:\/\/www.robert-kerr.com\/fr\/produit\/grande-etole-en-soie-bleu-nuit-motifs-art-deco-bleu-et-bordeaux\/#breadcrumb\"},\"inLanguage\":\"fr-FR\",\"potentialAction\":[{\"@type\":\"ReadAction\",\"target\":[\"https:\/\/www.robert-kerr.com\/fr\/produit\/grande-etole-en-soie-bleu-nuit-motifs-art-deco-bleu-et-bordeaux\/\"]}]},{\"@type\":\"ImageObject\",\"inLanguage\":\"fr-FR\",\"@id\":\"https:\/\/www.robert-kerr.com\/fr\/produit\/grande-etole-en-soie-bleu-nuit-motifs-art-deco-bleu-et-bordeaux\/#primaryimage\",\"url\":\"https:\/\/www.robert-kerr.com\/wp-content\/uploads\/2017\/08\/etole-motif-art-deco-bleu-nuit-bleu-ciel-bordeaux-detail-nouee.jpg\",\"contentUrl\":\"https:\/\/www.robert-kerr.com\/wp-content\/uploads\/2017\/08\/etole-motif-art-deco-bleu-nuit-bleu-ciel-bordeaux-detail-nouee.jpg\",\"width\":600,\"height\":600},{\"@type\":\"BreadcrumbList\",\"@id\":\"https:\/\/www.robert-kerr.com\/fr\/produit\/grande-etole-en-soie-bleu-nuit-motifs-art-deco-bleu-et-bordeaux\/#breadcrumb\",\"itemListElement\":[{\"@type\":\"ListItem\",\"position\":1,\"name\":\"Accueil\",\"item\":\"https:\/\/www.robert-kerr.com\/fr\/\"},{\"@type\":\"ListItem\",\"position\":2,\"name\":\"Boutique\",\"item\":\"https:\/\/www.robert-kerr.com\/fr\/boutique\/\"},{\"@type\":\"ListItem\",\"position\":3,\"name\":\"Grande \u00e9tole en soie bleu nuit motifs art d\u00e9co\"}]},{\"@type\":\"WebSite\",\"@id\":\"https:\/\/www.robert-kerr.com\/fr\/#website\",\"url\":\"https:\/\/www.robert-kerr.com\/fr\/\",\"name\":\"Maison Robert Kerr\",\"description\":\"Talored clothing for men &amp; women since 1948\",\"potentialAction\":[{\"@type\":\"SearchAction\",\"target\":{\"@type\":\"EntryPoint\",\"urlTemplate\":\"https:\/\/www.robert-kerr.com\/fr\/?s={search_term_string}\"},\"query-input\":{\"@type\":\"PropertyValueSpecification\",\"valueRequired\":true,\"valueName\":\"search_term_string\"}}],\"inLanguage\":\"fr-FR\"}]}<\/script>\n<!-- \/ Yoast SEO plugin. -->","yoast_head_json":{"title":"Grande \u00e9tole en soie bleu nuit motifs art d\u00e9co bleu et bordeaux","description":"Grande \u00e9tole de soie ultra fine avec imprim\u00e9s art d\u00e9co. 200x140cm, roulott\u00e9e \u00e0 la main \u00e0 Paris. Tiss\u00e9e et imprim\u00e9 \u00e0 Lyon. Cr\u00e9ation exclusive Robert Kerr \u00a9.","robots":{"index":"index","follow":"follow","max-snippet":"max-snippet:-1","max-image-preview":"max-image-preview:large","max-video-preview":"max-video-preview:-1"},"canonical":"https:\/\/www.robert-kerr.com\/fr\/produit\/grande-etole-en-soie-bleu-nuit-motifs-art-deco-bleu-et-bordeaux\/","og_locale":"fr_FR","og_type":"article","og_title":"Grande \u00e9tole en soie bleu nuit motifs art d\u00e9co bleu et bordeaux","og_description":"Grande \u00e9tole de soie ultra fine avec imprim\u00e9s art d\u00e9co. 200x140cm, roulott\u00e9e \u00e0 la main \u00e0 Paris. Tiss\u00e9e et imprim\u00e9 \u00e0 Lyon. Cr\u00e9ation exclusive Robert Kerr \u00a9.","og_url":"https:\/\/www.robert-kerr.com\/fr\/produit\/grande-etole-en-soie-bleu-nuit-motifs-art-deco-bleu-et-bordeaux\/","og_site_name":"Maison Robert Kerr","article_modified_time":"2020-05-17T20:36:02+00:00","og_image":[{"width":600,"height":600,"url":"https:\/\/www.robert-kerr.com\/wp-content\/uploads\/2017\/08\/etole-motif-art-deco-bleu-nuit-bleu-ciel-bordeaux-detail-nouee.jpg","type":"image\/jpeg"}],"twitter_card":"summary_large_image","schema":{"@context":"https:\/\/schema.org","@graph":[{"@type":"WebPage","@id":"https:\/\/www.robert-kerr.com\/fr\/produit\/grande-etole-en-soie-bleu-nuit-motifs-art-deco-bleu-et-bordeaux\/","url":"https:\/\/www.robert-kerr.com\/fr\/produit\/grande-etole-en-soie-bleu-nuit-motifs-art-deco-bleu-et-bordeaux\/","name":"Grande \u00e9tole en soie bleu nuit motifs art d\u00e9co bleu et bordeaux","isPartOf":{"@id":"https:\/\/www.robert-kerr.com\/fr\/#website"},"primaryImageOfPage":{"@id":"https:\/\/www.robert-kerr.com\/fr\/produit\/grande-etole-en-soie-bleu-nuit-motifs-art-deco-bleu-et-bordeaux\/#primaryimage"},"image":{"@id":"https:\/\/www.robert-kerr.com\/fr\/produit\/grande-etole-en-soie-bleu-nuit-motifs-art-deco-bleu-et-bordeaux\/#primaryimage"},"thumbnailUrl":"https:\/\/www.robert-kerr.com\/wp-content\/uploads\/2017\/08\/etole-motif-art-deco-bleu-nuit-bleu-ciel-bordeaux-detail-nouee.jpg","datePublished":"2017-04-17T17:34:50+00:00","dateModified":"2020-05-17T20:36:02+00:00","description":"Grande \u00e9tole de soie ultra fine avec imprim\u00e9s art d\u00e9co. 200x140cm, roulott\u00e9e \u00e0 la main \u00e0 Paris. Tiss\u00e9e et imprim\u00e9 \u00e0 Lyon. Cr\u00e9ation exclusive Robert Kerr \u00a9.","breadcrumb":{"@id":"https:\/\/www.robert-kerr.com\/fr\/produit\/grande-etole-en-soie-bleu-nuit-motifs-art-deco-bleu-et-bordeaux\/#breadcrumb"},"inLanguage":"fr-FR","potentialAction":[{"@type":"ReadAction","target":["https:\/\/www.robert-kerr.com\/fr\/produit\/grande-etole-en-soie-bleu-nuit-motifs-art-deco-bleu-et-bordeaux\/"]}]},{"@type":"ImageObject","inLanguage":"fr-FR","@id":"https:\/\/www.robert-kerr.com\/fr\/produit\/grande-etole-en-soie-bleu-nuit-motifs-art-deco-bleu-et-bordeaux\/#primaryimage","url":"https:\/\/www.robert-kerr.com\/wp-content\/uploads\/2017\/08\/etole-motif-art-deco-bleu-nuit-bleu-ciel-bordeaux-detail-nouee.jpg","contentUrl":"https:\/\/www.robert-kerr.com\/wp-content\/uploads\/2017\/08\/etole-motif-art-deco-bleu-nuit-bleu-ciel-bordeaux-detail-nouee.jpg","width":600,"height":600},{"@type":"BreadcrumbList","@id":"https:\/\/www.robert-kerr.com\/fr\/produit\/grande-etole-en-soie-bleu-nuit-motifs-art-deco-bleu-et-bordeaux\/#breadcrumb","itemListElement":[{"@type":"ListItem","position":1,"name":"Accueil","item":"https:\/\/www.robert-kerr.com\/fr\/"},{"@type":"ListItem","position":2,"name":"Boutique","item":"https:\/\/www.robert-kerr.com\/fr\/boutique\/"},{"@type":"ListItem","position":3,"name":"Grande \u00e9tole en soie bleu nuit motifs art d\u00e9co"}]},{"@type":"WebSite","@id":"https:\/\/www.robert-kerr.com\/fr\/#website","url":"https:\/\/www.robert-kerr.com\/fr\/","name":"Maison Robert Kerr","description":"Talored clothing for men &amp; women since 1948","potentialAction":[{"@type":"SearchAction","target":{"@type":"EntryPoint","urlTemplate":"https:\/\/www.robert-kerr.com\/fr\/?s={search_term_string}"},"query-input":{"@type":"PropertyValueSpecification","valueRequired":true,"valueName":"search_term_string"}}],"inLanguage":"fr-FR"}]}},"_links":{"self":[{"href":"https:\/\/www.robert-kerr.com\/fr\/wp-json\/wp\/v2\/product\/7865","targetHints":{"allow":["GET"]}}],"collection":[{"href":"https:\/\/www.robert-kerr.com\/fr\/wp-json\/wp\/v2\/product"}],"about":[{"href":"https:\/\/www.robert-kerr.com\/fr\/wp-json\/wp\/v2\/types\/product"}],"replies":[{"embeddable":true,"href":"https:\/\/www.robert-kerr.com\/fr\/wp-json\/wp\/v2\/comments?post=7865"}],"wp:featuredmedia":[{"embeddable":true,"href":"https:\/\/www.robert-kerr.com\/fr\/wp-json\/wp\/v2\/media\/8983"}],"wp:attachment":[{"href":"https:\/\/www.robert-kerr.com\/fr\/wp-json\/wp\/v2\/media?parent=7865"}],"wp:term":[{"taxonomy":"product_brand","embeddable":true,"href":"https:\/\/www.robert-kerr.com\/fr\/wp-json\/wp\/v2\/product_brand?post=7865"},{"taxonomy":"product_cat","embeddable":true,"href":"https:\/\/www.robert-kerr.com\/fr\/wp-json\/wp\/v2\/product_cat?post=7865"},{"taxonomy":"product_tag","embeddable":true,"href":"https:\/\/www.robert-kerr.com\/fr\/wp-json\/wp\/v2\/product_tag?post=7865"}],"curies":[{"name":"wp","href":"https:\/\/api.w.org\/{rel}","templated":true}]}}