{"id":7874,"date":"2017-04-18T09:57:41","date_gmt":"2017-04-18T09:57:41","guid":{"rendered":"http:\/\/www.robert-kerr.com\/_new2017\/?post_type=product&#038;p=7874\/"},"modified":"2018-04-30T07:30:05","modified_gmt":"2018-04-30T07:30:05","slug":"pochette-en-twill-de-soie-motifs-art-deco-bleu-bleu-ciel-et-bordeaux","status":"publish","type":"product","link":"https:\/\/www.robert-kerr.com\/fr\/produit\/pochette-en-twill-de-soie-motifs-art-deco-bleu-bleu-ciel-et-bordeaux\/","title":{"rendered":"Pochette en twill de soie <br class=\"brreplace\">motifs art d\u00e9co"},"content":{"rendered":"<p>42x42cm<br \/>\nTiss\u00e9e et imprim\u00e9e \u00e0 Lyon<br \/>\nBords roulott\u00e9s \u00e0 la main<br \/>\nRoulottage \u00ab\u00a0\u00e0 la fran\u00e7aise\u00a0\u00bb<br \/>\nMotifs g\u00e9om\u00e9triques &#8211; art d\u00e9co<br \/>\nCr\u00e9ation exclusive Robert Kerr \u00a9<\/p>\n","protected":false},"excerpt":{"rendered":"<p>100% soie<br \/>\nConfectionn\u00e9e \u00e0 la main en France<\/p>\n","protected":false},"featured_media":9035,"comment_status":"closed","ping_status":"closed","template":"","meta":{"_acf_changed":false},"product_brand":[],"product_cat":[14],"product_tag":[],"class_list":{"0":"post-7874","1":"product","2":"type-product","3":"status-publish","4":"has-post-thumbnail","6":"product_cat-pochettes","7":"pif-has-gallery","9":"first","10":"outofstock","11":"taxable","12":"shipping-taxable","13":"purchasable","14":"product-type-simple"},"acf":[],"yoast_head":"<!-- This site is optimized with the Yoast SEO plugin v25.4 - https:\/\/yoast.com\/wordpress\/plugins\/seo\/ -->\n<title>Pochette en twill de soie motifs art d\u00e9co bleu, bleu ciel et bordeaux<\/title>\n<meta name=\"description\" content=\"Pochette de costume en soie avec motifs art d\u00e9co. Tiss\u00e9e et imprim\u00e9e \u00e0 Lyon (France). 42x42cm, roulot\u00e9e \u00e0 la main. Cr\u00e9ation exclusive Robert Kerr \u00a9.\" \/>\n<meta name=\"robots\" content=\"index, follow, max-snippet:-1, max-image-preview:large, max-video-preview:-1\" \/>\n<link rel=\"canonical\" href=\"https:\/\/www.robert-kerr.com\/fr\/produit\/pochette-en-twill-de-soie-motifs-art-deco-bleu-bleu-ciel-et-bordeaux\/\" \/>\n<meta property=\"og:locale\" content=\"fr_FR\" \/>\n<meta property=\"og:type\" content=\"article\" \/>\n<meta property=\"og:title\" content=\"Pochette en twill de soie motifs art d\u00e9co bleu, bleu ciel et bordeaux\" \/>\n<meta property=\"og:description\" content=\"Pochette de costume en soie avec motifs art d\u00e9co. Tiss\u00e9e et imprim\u00e9e \u00e0 Lyon (France). 42x42cm, roulot\u00e9e \u00e0 la main. Cr\u00e9ation exclusive Robert Kerr \u00a9.\" \/>\n<meta property=\"og:url\" content=\"https:\/\/www.robert-kerr.com\/fr\/produit\/pochette-en-twill-de-soie-motifs-art-deco-bleu-bleu-ciel-et-bordeaux\/\" \/>\n<meta property=\"og:site_name\" content=\"Maison Robert Kerr\" \/>\n<meta property=\"article:modified_time\" content=\"2018-04-30T07:30:05+00:00\" \/>\n<meta property=\"og:image\" content=\"https:\/\/www.robert-kerr.com\/wp-content\/uploads\/2017\/08\/pochette-de-costume-en-soie-motifs-art-deco-et-fleur-bleu-ciel-fond-raye-bordeaux-roulottee-a-la-main-a-plat.jpg\" \/>\n\t<meta property=\"og:image:width\" content=\"600\" \/>\n\t<meta property=\"og:image:height\" content=\"600\" \/>\n\t<meta property=\"og:image:type\" content=\"image\/jpeg\" \/>\n<meta name=\"twitter:card\" content=\"summary_large_image\" \/>\n<script type=\"application\/ld+json\" class=\"yoast-schema-graph\">{\"@context\":\"https:\/\/schema.org\",\"@graph\":[{\"@type\":\"WebPage\",\"@id\":\"https:\/\/www.robert-kerr.com\/fr\/produit\/pochette-en-twill-de-soie-motifs-art-deco-bleu-bleu-ciel-et-bordeaux\/\",\"url\":\"https:\/\/www.robert-kerr.com\/fr\/produit\/pochette-en-twill-de-soie-motifs-art-deco-bleu-bleu-ciel-et-bordeaux\/\",\"name\":\"Pochette en twill de soie motifs art d\u00e9co bleu, bleu ciel et bordeaux\",\"isPartOf\":{\"@id\":\"https:\/\/www.robert-kerr.com\/fr\/#website\"},\"primaryImageOfPage\":{\"@id\":\"https:\/\/www.robert-kerr.com\/fr\/produit\/pochette-en-twill-de-soie-motifs-art-deco-bleu-bleu-ciel-et-bordeaux\/#primaryimage\"},\"image\":{\"@id\":\"https:\/\/www.robert-kerr.com\/fr\/produit\/pochette-en-twill-de-soie-motifs-art-deco-bleu-bleu-ciel-et-bordeaux\/#primaryimage\"},\"thumbnailUrl\":\"https:\/\/www.robert-kerr.com\/wp-content\/uploads\/2017\/08\/pochette-de-costume-en-soie-motifs-art-deco-et-fleur-bleu-ciel-fond-raye-bordeaux-roulottee-a-la-main-a-plat.jpg\",\"datePublished\":\"2017-04-18T09:57:41+00:00\",\"dateModified\":\"2018-04-30T07:30:05+00:00\",\"description\":\"Pochette de costume en soie avec motifs art d\u00e9co. Tiss\u00e9e et imprim\u00e9e \u00e0 Lyon (France). 42x42cm, roulot\u00e9e \u00e0 la main. Cr\u00e9ation exclusive Robert Kerr \u00a9.\",\"breadcrumb\":{\"@id\":\"https:\/\/www.robert-kerr.com\/fr\/produit\/pochette-en-twill-de-soie-motifs-art-deco-bleu-bleu-ciel-et-bordeaux\/#breadcrumb\"},\"inLanguage\":\"fr-FR\",\"potentialAction\":[{\"@type\":\"ReadAction\",\"target\":[\"https:\/\/www.robert-kerr.com\/fr\/produit\/pochette-en-twill-de-soie-motifs-art-deco-bleu-bleu-ciel-et-bordeaux\/\"]}]},{\"@type\":\"ImageObject\",\"inLanguage\":\"fr-FR\",\"@id\":\"https:\/\/www.robert-kerr.com\/fr\/produit\/pochette-en-twill-de-soie-motifs-art-deco-bleu-bleu-ciel-et-bordeaux\/#primaryimage\",\"url\":\"https:\/\/www.robert-kerr.com\/wp-content\/uploads\/2017\/08\/pochette-de-costume-en-soie-motifs-art-deco-et-fleur-bleu-ciel-fond-raye-bordeaux-roulottee-a-la-main-a-plat.jpg\",\"contentUrl\":\"https:\/\/www.robert-kerr.com\/wp-content\/uploads\/2017\/08\/pochette-de-costume-en-soie-motifs-art-deco-et-fleur-bleu-ciel-fond-raye-bordeaux-roulottee-a-la-main-a-plat.jpg\",\"width\":600,\"height\":600},{\"@type\":\"BreadcrumbList\",\"@id\":\"https:\/\/www.robert-kerr.com\/fr\/produit\/pochette-en-twill-de-soie-motifs-art-deco-bleu-bleu-ciel-et-bordeaux\/#breadcrumb\",\"itemListElement\":[{\"@type\":\"ListItem\",\"position\":1,\"name\":\"Accueil\",\"item\":\"https:\/\/www.robert-kerr.com\/fr\/\"},{\"@type\":\"ListItem\",\"position\":2,\"name\":\"Boutique\",\"item\":\"https:\/\/www.robert-kerr.com\/fr\/boutique\/\"},{\"@type\":\"ListItem\",\"position\":3,\"name\":\"Pochette en twill de soie motifs art d\u00e9co\"}]},{\"@type\":\"WebSite\",\"@id\":\"https:\/\/www.robert-kerr.com\/fr\/#website\",\"url\":\"https:\/\/www.robert-kerr.com\/fr\/\",\"name\":\"Maison Robert Kerr\",\"description\":\"Talored clothing for men &amp; women since 1948\",\"potentialAction\":[{\"@type\":\"SearchAction\",\"target\":{\"@type\":\"EntryPoint\",\"urlTemplate\":\"https:\/\/www.robert-kerr.com\/fr\/?s={search_term_string}\"},\"query-input\":{\"@type\":\"PropertyValueSpecification\",\"valueRequired\":true,\"valueName\":\"search_term_string\"}}],\"inLanguage\":\"fr-FR\"}]}<\/script>\n<!-- \/ Yoast SEO plugin. -->","yoast_head_json":{"title":"Pochette en twill de soie motifs art d\u00e9co bleu, bleu ciel et bordeaux","description":"Pochette de costume en soie avec motifs art d\u00e9co. Tiss\u00e9e et imprim\u00e9e \u00e0 Lyon (France). 42x42cm, roulot\u00e9e \u00e0 la main. Cr\u00e9ation exclusive Robert Kerr \u00a9.","robots":{"index":"index","follow":"follow","max-snippet":"max-snippet:-1","max-image-preview":"max-image-preview:large","max-video-preview":"max-video-preview:-1"},"canonical":"https:\/\/www.robert-kerr.com\/fr\/produit\/pochette-en-twill-de-soie-motifs-art-deco-bleu-bleu-ciel-et-bordeaux\/","og_locale":"fr_FR","og_type":"article","og_title":"Pochette en twill de soie motifs art d\u00e9co bleu, bleu ciel et bordeaux","og_description":"Pochette de costume en soie avec motifs art d\u00e9co. Tiss\u00e9e et imprim\u00e9e \u00e0 Lyon (France). 42x42cm, roulot\u00e9e \u00e0 la main. Cr\u00e9ation exclusive Robert Kerr \u00a9.","og_url":"https:\/\/www.robert-kerr.com\/fr\/produit\/pochette-en-twill-de-soie-motifs-art-deco-bleu-bleu-ciel-et-bordeaux\/","og_site_name":"Maison Robert Kerr","article_modified_time":"2018-04-30T07:30:05+00:00","og_image":[{"width":600,"height":600,"url":"https:\/\/www.robert-kerr.com\/wp-content\/uploads\/2017\/08\/pochette-de-costume-en-soie-motifs-art-deco-et-fleur-bleu-ciel-fond-raye-bordeaux-roulottee-a-la-main-a-plat.jpg","type":"image\/jpeg"}],"twitter_card":"summary_large_image","schema":{"@context":"https:\/\/schema.org","@graph":[{"@type":"WebPage","@id":"https:\/\/www.robert-kerr.com\/fr\/produit\/pochette-en-twill-de-soie-motifs-art-deco-bleu-bleu-ciel-et-bordeaux\/","url":"https:\/\/www.robert-kerr.com\/fr\/produit\/pochette-en-twill-de-soie-motifs-art-deco-bleu-bleu-ciel-et-bordeaux\/","name":"Pochette en twill de soie motifs art d\u00e9co bleu, bleu ciel et bordeaux","isPartOf":{"@id":"https:\/\/www.robert-kerr.com\/fr\/#website"},"primaryImageOfPage":{"@id":"https:\/\/www.robert-kerr.com\/fr\/produit\/pochette-en-twill-de-soie-motifs-art-deco-bleu-bleu-ciel-et-bordeaux\/#primaryimage"},"image":{"@id":"https:\/\/www.robert-kerr.com\/fr\/produit\/pochette-en-twill-de-soie-motifs-art-deco-bleu-bleu-ciel-et-bordeaux\/#primaryimage"},"thumbnailUrl":"https:\/\/www.robert-kerr.com\/wp-content\/uploads\/2017\/08\/pochette-de-costume-en-soie-motifs-art-deco-et-fleur-bleu-ciel-fond-raye-bordeaux-roulottee-a-la-main-a-plat.jpg","datePublished":"2017-04-18T09:57:41+00:00","dateModified":"2018-04-30T07:30:05+00:00","description":"Pochette de costume en soie avec motifs art d\u00e9co. Tiss\u00e9e et imprim\u00e9e \u00e0 Lyon (France). 42x42cm, roulot\u00e9e \u00e0 la main. Cr\u00e9ation exclusive Robert Kerr \u00a9.","breadcrumb":{"@id":"https:\/\/www.robert-kerr.com\/fr\/produit\/pochette-en-twill-de-soie-motifs-art-deco-bleu-bleu-ciel-et-bordeaux\/#breadcrumb"},"inLanguage":"fr-FR","potentialAction":[{"@type":"ReadAction","target":["https:\/\/www.robert-kerr.com\/fr\/produit\/pochette-en-twill-de-soie-motifs-art-deco-bleu-bleu-ciel-et-bordeaux\/"]}]},{"@type":"ImageObject","inLanguage":"fr-FR","@id":"https:\/\/www.robert-kerr.com\/fr\/produit\/pochette-en-twill-de-soie-motifs-art-deco-bleu-bleu-ciel-et-bordeaux\/#primaryimage","url":"https:\/\/www.robert-kerr.com\/wp-content\/uploads\/2017\/08\/pochette-de-costume-en-soie-motifs-art-deco-et-fleur-bleu-ciel-fond-raye-bordeaux-roulottee-a-la-main-a-plat.jpg","contentUrl":"https:\/\/www.robert-kerr.com\/wp-content\/uploads\/2017\/08\/pochette-de-costume-en-soie-motifs-art-deco-et-fleur-bleu-ciel-fond-raye-bordeaux-roulottee-a-la-main-a-plat.jpg","width":600,"height":600},{"@type":"BreadcrumbList","@id":"https:\/\/www.robert-kerr.com\/fr\/produit\/pochette-en-twill-de-soie-motifs-art-deco-bleu-bleu-ciel-et-bordeaux\/#breadcrumb","itemListElement":[{"@type":"ListItem","position":1,"name":"Accueil","item":"https:\/\/www.robert-kerr.com\/fr\/"},{"@type":"ListItem","position":2,"name":"Boutique","item":"https:\/\/www.robert-kerr.com\/fr\/boutique\/"},{"@type":"ListItem","position":3,"name":"Pochette en twill de soie motifs art d\u00e9co"}]},{"@type":"WebSite","@id":"https:\/\/www.robert-kerr.com\/fr\/#website","url":"https:\/\/www.robert-kerr.com\/fr\/","name":"Maison Robert Kerr","description":"Talored clothing for men &amp; women since 1948","potentialAction":[{"@type":"SearchAction","target":{"@type":"EntryPoint","urlTemplate":"https:\/\/www.robert-kerr.com\/fr\/?s={search_term_string}"},"query-input":{"@type":"PropertyValueSpecification","valueRequired":true,"valueName":"search_term_string"}}],"inLanguage":"fr-FR"}]}},"_links":{"self":[{"href":"https:\/\/www.robert-kerr.com\/fr\/wp-json\/wp\/v2\/product\/7874","targetHints":{"allow":["GET"]}}],"collection":[{"href":"https:\/\/www.robert-kerr.com\/fr\/wp-json\/wp\/v2\/product"}],"about":[{"href":"https:\/\/www.robert-kerr.com\/fr\/wp-json\/wp\/v2\/types\/product"}],"replies":[{"embeddable":true,"href":"https:\/\/www.robert-kerr.com\/fr\/wp-json\/wp\/v2\/comments?post=7874"}],"wp:featuredmedia":[{"embeddable":true,"href":"https:\/\/www.robert-kerr.com\/fr\/wp-json\/wp\/v2\/media\/9035"}],"wp:attachment":[{"href":"https:\/\/www.robert-kerr.com\/fr\/wp-json\/wp\/v2\/media?parent=7874"}],"wp:term":[{"taxonomy":"product_brand","embeddable":true,"href":"https:\/\/www.robert-kerr.com\/fr\/wp-json\/wp\/v2\/product_brand?post=7874"},{"taxonomy":"product_cat","embeddable":true,"href":"https:\/\/www.robert-kerr.com\/fr\/wp-json\/wp\/v2\/product_cat?post=7874"},{"taxonomy":"product_tag","embeddable":true,"href":"https:\/\/www.robert-kerr.com\/fr\/wp-json\/wp\/v2\/product_tag?post=7874"}],"curies":[{"name":"wp","href":"https:\/\/api.w.org\/{rel}","templated":true}]}}